{"id":519,"date":"2020-02-28T08:52:00","date_gmt":"2020-02-28T08:52:00","guid":{"rendered":"https:\/\/staging.ebenvloedrenesse.nl\/eb-vloed\/"},"modified":"2026-04-16T15:25:17","modified_gmt":"2026-04-16T15:25:17","slug":"eb-vloed","status":"publish","type":"page","link":"https:\/\/www.ebenvloedrenesse.nl\/de\/","title":{"rendered":"eb &#038; vloed"},"content":{"rendered":"<p>[et_pb_section fb_built=&#8220;1&#8243; fullwidth=&#8220;on&#8220; _builder_version=&#8220;4.27.6&#8243; _module_preset=&#8220;default&#8220; global_colors_info=&#8220;{}&#8220;][et_pb_fullwidth_slider _builder_version=&#8220;4.27.6&#8243; _module_preset=&#8220;default&#8220; use_background_color_gradient=&#8220;on&#8220; background_color_gradient_stops=&#8220;#000000 0%|rgba(255,255,255,0) 31%&#8220; background_color_gradient_overlays_image=&#8220;on&#8220; auto=&#8220;on&#8220; auto_speed=&#8220;4000&#8243; auto_ignore_hover=&#8220;on&#8220; global_colors_info=&#8220;{}&#8220;][et_pb_slide heading=&#8220;eb &#038; vloed&#8220; _builder_version=&#8220;4.27.6&#8243; _module_preset=&#8220;default&#8220; header_level=&#8220;h1&#8243; header_font=&#8220;Alwyn New Rounded||||||||&#8220; header_text_align=&#8220;left&#8220; header_font_size=&#8220;4rem&#8220; background_enable_color=&#8220;off&#8220; background_image=&#8220;https:\/\/www.ebenvloedrenesse.nl\/wp-content\/uploads\/2026\/04\/Eb-Vloed-Renesse-01.jpg&#8220; background_enable_image=&#8220;on&#8220; custom_padding=&#8220;300px||||false|false&#8220; header_font_size_tablet=&#8220;3rem&#8220; header_font_size_phone=&#8220;2rem&#8220; header_font_size_last_edited=&#8220;on|phone&#8220; global_colors_info=&#8220;{}&#8220; sticky_transition=&#8220;on&#8220;][\/et_pb_slide][et_pb_slide heading=&#8220;eb &#038; vloed&#8220; _builder_version=&#8220;4.27.6&#8243; _module_preset=&#8220;default&#8220; header_level=&#8220;h1&#8243; header_font=&#8220;Alwyn New Rounded||||||||&#8220; header_text_align=&#8220;left&#8220; header_font_size=&#8220;4rem&#8220; background_enable_color=&#8220;off&#8220; background_image=&#8220;https:\/\/www.ebenvloedrenesse.nl\/wp-content\/uploads\/2026\/04\/Eb-Vloed-Renesse-02.jpg&#8220; background_enable_image=&#8220;on&#8220; custom_padding=&#8220;300px||||false|false&#8220; header_font_size_tablet=&#8220;3rem&#8220; header_font_size_phone=&#8220;2rem&#8220; header_font_size_last_edited=&#8220;on|phone&#8220; global_colors_info=&#8220;{}&#8220; sticky_transition=&#8220;on&#8220;][\/et_pb_slide][et_pb_slide heading=&#8220;eb &#038; vloed&#8220; _builder_version=&#8220;4.27.6&#8243; _module_preset=&#8220;default&#8220; header_level=&#8220;h1&#8243; header_font=&#8220;Alwyn New Rounded||||||||&#8220; header_text_align=&#8220;left&#8220; header_font_size=&#8220;4rem&#8220; background_enable_color=&#8220;off&#8220; background_image=&#8220;https:\/\/www.ebenvloedrenesse.nl\/wp-content\/uploads\/2026\/04\/Eb-Vloed-Renesse-03.jpg&#8220; background_enable_image=&#8220;on&#8220; custom_padding=&#8220;300px||||false|false&#8220; header_font_size_tablet=&#8220;3rem&#8220; header_font_size_phone=&#8220;2rem&#8220; header_font_size_last_edited=&#8220;on|phone&#8220; global_colors_info=&#8220;{}&#8220; sticky_transition=&#8220;on&#8220;][\/et_pb_slide][et_pb_slide heading=&#8220;eb &#038; vloed&#8220; _builder_version=&#8220;4.27.6&#8243; _module_preset=&#8220;default&#8220; header_level=&#8220;h1&#8243; header_font=&#8220;Alwyn New Rounded||||||||&#8220; header_text_align=&#8220;left&#8220; header_font_size=&#8220;4rem&#8220; background_enable_color=&#8220;off&#8220; background_image=&#8220;https:\/\/www.ebenvloedrenesse.nl\/wp-content\/uploads\/2026\/04\/Eb-Vloed-Renesse-04.jpg&#8220; background_enable_image=&#8220;on&#8220; custom_padding=&#8220;300px||||false|false&#8220; header_font_size_tablet=&#8220;3rem&#8220; header_font_size_phone=&#8220;2rem&#8220; header_font_size_last_edited=&#8220;on|phone&#8220; global_colors_info=&#8220;{}&#8220; sticky_transition=&#8220;on&#8220;][\/et_pb_slide][et_pb_slide heading=&#8220;eb &#038; vloed&#8220; _builder_version=&#8220;4.27.6&#8243; _module_preset=&#8220;default&#8220; header_level=&#8220;h1&#8243; header_font=&#8220;Alwyn New Rounded||||||||&#8220; header_text_align=&#8220;left&#8220; header_font_size=&#8220;4rem&#8220; background_enable_color=&#8220;off&#8220; background_image=&#8220;https:\/\/www.ebenvloedrenesse.nl\/wp-content\/uploads\/2026\/04\/Eb-Vloed-Renesse-05.jpg&#8220; background_enable_image=&#8220;on&#8220; custom_padding=&#8220;300px||||false|false&#8220; header_font_size_tablet=&#8220;3rem&#8220; header_font_size_phone=&#8220;2rem&#8220; header_font_size_last_edited=&#8220;on|phone&#8220; global_colors_info=&#8220;{}&#8220; sticky_transition=&#8220;on&#8220;][\/et_pb_slide][et_pb_slide heading=&#8220;eb &#038; vloed&#8220; _builder_version=&#8220;4.27.6&#8243; _module_preset=&#8220;default&#8220; header_level=&#8220;h1&#8243; header_font=&#8220;Alwyn New Rounded||||||||&#8220; header_text_align=&#8220;left&#8220; header_font_size=&#8220;4rem&#8220; background_enable_color=&#8220;off&#8220; background_image=&#8220;https:\/\/www.ebenvloedrenesse.nl\/wp-content\/uploads\/2026\/04\/Eb-Vloed-Renesse-06.jpg&#8220; background_enable_image=&#8220;on&#8220; custom_padding=&#8220;300px||||false|false&#8220; header_font_size_tablet=&#8220;3rem&#8220; header_font_size_phone=&#8220;2rem&#8220; header_font_size_last_edited=&#8220;on|phone&#8220; global_colors_info=&#8220;{}&#8220; sticky_transition=&#8220;on&#8220;][\/et_pb_slide][et_pb_slide heading=&#8220;eb &#038; vloed&#8220; _builder_version=&#8220;4.27.6&#8243; _module_preset=&#8220;default&#8220; header_level=&#8220;h1&#8243; header_font=&#8220;Alwyn New Rounded||||||||&#8220; header_text_align=&#8220;left&#8220; header_font_size=&#8220;4rem&#8220; background_enable_color=&#8220;off&#8220; background_image=&#8220;https:\/\/www.ebenvloedrenesse.nl\/wp-content\/uploads\/2026\/04\/Eb-Vloed-Renesse-07-scaled.jpg&#8220; background_enable_image=&#8220;on&#8220; custom_padding=&#8220;300px||||false|false&#8220; header_font_size_tablet=&#8220;3rem&#8220; header_font_size_phone=&#8220;2rem&#8220; header_font_size_last_edited=&#8220;on|phone&#8220; global_colors_info=&#8220;{}&#8220; sticky_transition=&#8220;on&#8220;][\/et_pb_slide][et_pb_slide heading=&#8220;eb &#038; vloed&#8220; _builder_version=&#8220;4.27.6&#8243; _module_preset=&#8220;default&#8220; header_level=&#8220;h1&#8243; header_font=&#8220;Alwyn New Rounded||||||||&#8220; header_text_align=&#8220;left&#8220; header_font_size=&#8220;4rem&#8220; background_enable_color=&#8220;off&#8220; background_image=&#8220;https:\/\/www.ebenvloedrenesse.nl\/wp-content\/uploads\/2026\/04\/Eb-Vloed-Renesse-08-scaled.jpg&#8220; background_enable_image=&#8220;on&#8220; custom_padding=&#8220;300px||||false|false&#8220; header_font_size_tablet=&#8220;3rem&#8220; header_font_size_phone=&#8220;2rem&#8220; header_font_size_last_edited=&#8220;on|phone&#8220; global_colors_info=&#8220;{}&#8220; sticky_transition=&#8220;on&#8220;][\/et_pb_slide][\/et_pb_fullwidth_slider][\/et_pb_section][et_pb_section fb_built=&#8220;1&#8243; _builder_version=&#8220;4.27.4&#8243; background_color=&#8220;#FFFFFF&#8220; background_enable_image=&#8220;off&#8220; custom_padding=&#8220;10px||10px||false|false&#8220; global_colors_info=&#8220;{}&#8220;][et_pb_row column_structure=&#8220;3_5,2_5&#8243; _builder_version=&#8220;4.27.4&#8243; custom_padding=&#8220;65px||||false|false&#8220; global_colors_info=&#8220;{}&#8220; width__hover_enabled=&#8220;off|desktop&#8220;][et_pb_column type=&#8220;3_5&#8243; _builder_version=&#8220;4.16&#8243; global_colors_info=&#8220;{}&#8220;][et_pb_text _builder_version=&#8220;4.27.6&#8243; animation_direction=&#8220;left&#8220; global_colors_info=&#8220;{}&#8220;]<\/p>\n<h2>tapas, drinks, lounge<\/h2>\n<p>[\/et_pb_text][et_pb_text _builder_version=&#8220;4.16&#8243; animation_direction=&#8220;left&#8220; global_colors_info=&#8220;{}&#8220;]<\/p>\n<p>Nimm Platz und mach es dir gem\u00fctlich! M\u00f6chtest du etwas trinken? Lust zu probieren und zu teilen?<\/p>\n<p><\/p>\n<p>Ab 17:00 Uhr genie\u00dft du in unserem stimmungsvollen und trendigen Restaurant Eb &amp; Vloed unser Tapas-Konzept: kleine Gerichte zum Teilen, genau das, worauf du gerade Lust hast. Fisch, Fleisch, vegetarisch \u2013 w\u00e4hle, kombiniere und entdecke.<\/p>\n<p><\/p>\n<p>Bestelle, was du m\u00f6chtest, wann du m\u00f6chtest. Wir servieren alles frisch und sobald es fertig ist. Du w\u00e4hlst, wir \u00fcberraschen dich!<\/p>\n<p>[\/et_pb_text][et_pb_text _builder_version=&#8220;4.16&#8243; animation_direction=&#8220;left&#8220; global_colors_info=&#8220;{}&#8220;]<\/p>\n<h2>drinnen und drau\u00dfen<\/h2>\n<p>[\/et_pb_text][et_pb_text _builder_version=&#8220;4.17.4&#8243; animation_direction=&#8220;left&#8220; global_colors_info=&#8220;{}&#8220;]<\/p>\n<p style=\"font-weight: 400;\">Unser Restaurant verf\u00fcgt innen \u00fcber nicht weniger als 150 Sitzpl\u00e4tze und drau\u00dfen auf der Terrasse noch einmal 120. Dank des Wintergartens, der gro\u00dfen Terrassent\u00fcren und der \u00dcberdachung sind wir auf jedes Wetter vorbereitet. Bei sch\u00f6nem Wetter sitzt du herrlich in der Sonne oder im Schatten, und bei weniger gutem Wetter genie\u00dft du es komfortabel, beheizt und \u00fcberdacht.<\/p>\n<p><\/p>\n<p style=\"font-weight: 400;\"><span style=\"font-weight: 400;\">Auch an die Kinder ist gedacht: Sie sind mehr als willkommen! Mit den Spielm\u00f6glichkeiten des Campingplatzes in unmittelbarer N\u00e4he und einem Spielbereich mitten im Restaurant kommt garantiert keine Langeweile auf. Au\u00dferdem ist der neue Spielplatz er\u00f6ffnet!<\/span><\/p>\n<p>[\/et_pb_text][\/et_pb_column][et_pb_column type=&#8220;2_5&#8243; _builder_version=&#8220;4.16&#8243; global_colors_info=&#8220;{}&#8220;][et_pb_image src=&#8220;https:\/\/www.ebenvloedrenesse.nl\/wp-content\/uploads\/2020\/02\/overlay-eb-en-vloed-upper-right.png&#8220; title_text=&#8220;Julianahoeve&#8220; align=&#8220;center&#8220; force_fullwidth=&#8220;on&#8220; _builder_version=&#8220;4.16&#8243; background_enable_color=&#8220;off&#8220; background_image=&#8220;https:\/\/www.ebenvloedrenesse.nl\/wp-content\/uploads\/2021\/10\/Eb-Vloed-Juli-2021-64.jpg&#8220; global_colors_info=&#8220;{}&#8220;][\/et_pb_image][\/et_pb_column][\/et_pb_row][\/et_pb_section][et_pb_section fb_built=&#8220;1&#8243; _builder_version=&#8220;4.16&#8243; background_color=&#8220;#009cb4&#8243; background_enable_image=&#8220;off&#8220; border_width_bottom=&#8220;10px&#8220; border_color_bottom=&#8220;#00788b&#8220; global_colors_info=&#8220;{}&#8220;][et_pb_row column_structure=&#8220;3_5,2_5&#8243; _builder_version=&#8220;4.16&#8243; global_colors_info=&#8220;{}&#8220;][et_pb_column type=&#8220;3_5&#8243; _builder_version=&#8220;4.16&#8243; global_colors_info=&#8220;{}&#8220;][et_pb_text _builder_version=&#8220;4.16&#8243; animation_direction=&#8220;left&#8220; global_colors_info=&#8220;{}&#8220;]<\/p>\n<h2>loungen<\/h2>\n<p>[\/et_pb_text][et_pb_text _builder_version=&#8220;4.16&#8243; animation_direction=&#8220;left&#8220; global_colors_info=&#8220;{}&#8220;]<\/p>\n<p>Ein Getr\u00e4nk an der Bar, ein gutes Glas Wein auf dem Sofa oder ein k\u00fchles Bier auf der Sonnenterrasse. In der Lounge neben der Brasserie ist Entspannung angesagt. Hier kann man sich zu einem gem\u00fctlichen Gespr\u00e4ch zusammensetzen. Oder eine Zeitschrift lesen. Sehen Sie sich die Weinkarte an und g\u00f6nnen Sie sich und Ihrer Gesellschaft eine gute Flasche Wein. Haben Sie eher Lust auf einen Gin Tonic, ein Spezialbier oder einen Cocktail? Unsere Getr\u00e4nkekarte bietet eine gro\u00dfe Auswahl.<\/p>\n<p>[\/et_pb_text][et_pb_text _builder_version=&#8220;4.16&#8243; animation_direction=&#8220;left&#8220; global_colors_info=&#8220;{}&#8220;]<\/p>\n<h2>ausw\u00e4rts essen gehen<\/h2>\n<p>[\/et_pb_text][et_pb_text _builder_version=&#8220;4.17.4&#8243; animation_direction=&#8220;left&#8220; global_colors_info=&#8220;{}&#8220;]<\/p>\n<div>\n<p style=\"font-weight: 400;\">Wir haben an alle gedacht: vegetarisch, Fisch, Fleisch. \u00dcber den QR-Code kannst du die Allergene ganz einfach anpassen. Neben den Standard-Tapas werden au\u00dferdem einige saisonale Variationen angeboten.<\/p>\n<p style=\"font-weight: 400;\">W\u00e4hle, kombiniere und genie\u00dfe!<\/p>\n<\/div>\n<p><\/p>\n<div>\u00a0<\/div>\n<p>[\/et_pb_text][et_pb_text _builder_version=&#8220;4.16&#8243; animation_direction=&#8220;left&#8220; global_colors_info=&#8220;{}&#8220;][\/et_pb_text][et_pb_text _builder_version=&#8220;4.16&#8243; animation_direction=&#8220;left&#8220; global_colors_info=&#8220;{}&#8220;][\/et_pb_text][\/et_pb_column][et_pb_column type=&#8220;2_5&#8243; _builder_version=&#8220;4.16&#8243; background_enable_image=&#8220;off&#8220; global_colors_info=&#8220;{}&#8220;][et_pb_image src=&#8220;https:\/\/www.ebenvloedrenesse.nl\/wp-content\/uploads\/2020\/03\/overlay-eb-en-vloed-bottom-left-blue.png&#8220; title_text=&#8220;Julianahoeve&#8220; force_fullwidth=&#8220;on&#8220; _builder_version=&#8220;4.16&#8243; background_image=&#8220;https:\/\/www.ebenvloedrenesse.nl\/wp-content\/uploads\/2020\/04\/eb-en-vloed-renesse-camping-julianahoeve-061.jpg&#8220; global_colors_info=&#8220;{}&#8220; border_radii__hover_enabled=&#8220;off|desktop&#8220; border_radii__hover=&#8220;on|75px|75px|75px|75px&#8220;][\/et_pb_image][\/et_pb_column][\/et_pb_row][\/et_pb_section][et_pb_section fb_built=&#8220;1&#8243; _builder_version=&#8220;4.16&#8243; background_enable_color=&#8220;off&#8220; border_width_bottom=&#8220;10px&#8220; border_color_bottom=&#8220;#00788b&#8220; global_colors_info=&#8220;{}&#8220;][et_pb_row _builder_version=&#8220;4.16&#8243; global_colors_info=&#8220;{}&#8220;][et_pb_column type=&#8220;4_4&#8243; _builder_version=&#8220;4.16&#8243; global_colors_info=&#8220;{}&#8220;][et_pb_text _builder_version=&#8220;4.16&#8243; global_colors_info=&#8220;{}&#8220;]<\/p>\n<h2><span lang=\"DE\">lunchen, loungen, gut essen und trinken<\/span><\/h2>\n<p><\/p>\n<p><span lang=\"DE\">Bei der Brasserie Eb &amp; Vloed wird Leidenschaft serviert!<\/span><\/p>\n<p>[\/et_pb_text][\/et_pb_column][\/et_pb_row][\/et_pb_section][et_pb_section fb_built=&#8220;1&#8243; _builder_version=&#8220;4.16&#8243; custom_padding=&#8220;0px||0px||false|false&#8220; global_colors_info=&#8220;{}&#8220;][et_pb_row use_custom_gutter=&#8220;on&#8220; gutter_width=&#8220;1&#8243; _builder_version=&#8220;4.27.4&#8243; width=&#8220;100%&#8220; max_width=&#8220;2000px&#8220; custom_padding=&#8220;0px||0px||false|false&#8220; global_colors_info=&#8220;{}&#8220;][et_pb_column type=&#8220;4_4&#8243; _builder_version=&#8220;4.16&#8243; global_colors_info=&#8220;{}&#8220;][et_pb_gallery gallery_ids=&#8220;2786,3045,1077,2782,2792,2790,2776,3029&#8243; posts_number=&#8220;8&#8243; show_title_and_caption=&#8220;off&#8220; show_pagination=&#8220;off&#8220; zoom_icon_color=&#8220;rgba(0,0,0,0)&#8220; hover_overlay_color=&#8220;rgba(0,0,0,0)&#8220; _builder_version=&#8220;4.27.6&#8243; background_color=&#8220;#333&#8243; child_filter_saturate=&#8220;50%&#8220; hover_enabled=&#8220;0&#8243; border_width_all=&#8220;1px&#8220; global_colors_info=&#8220;{}&#8220; child_filter_blur__hover_enabled=&#8220;off|desktop&#8220; child_filter_blur__hover=&#8220;0px&#8220; child_filter_saturate__hover_enabled=&#8220;on|desktop&#8220; child_filter_saturate__hover=&#8220;100%&#8220; sticky_enabled=&#8220;0&#8243;][\/et_pb_gallery][\/et_pb_column][\/et_pb_row][\/et_pb_section]<\/p>\n","protected":false},"excerpt":{"rendered":"<p>tapas, drinks, loungeNimm Platz und mach es dir gem\u00fctlich! M\u00f6chtest du etwas trinken? Lust zu probieren und zu teilen?Ab 17:00 Uhr genie\u00dft du in unserem stimmungsvollen und trendigen Restaurant Eb &amp; Vloed unser Tapas-Konzept: kleine Gerichte zum Teilen, genau das, worauf du gerade Lust hast. Fisch, Fleisch, vegetarisch \u2013 w\u00e4hle, kombiniere und entdecke.Bestelle, was du [&hellip;]<\/p>\n","protected":false},"author":1,"featured_media":615,"parent":0,"menu_order":0,"comment_status":"closed","ping_status":"closed","template":"","meta":{"_et_pb_use_builder":"on","_et_pb_old_content":"","_et_gb_content_width":"","footnotes":""},"class_list":["post-519","page","type-page","status-publish","has-post-thumbnail","hentry"],"yoast_head":"<!-- This site is optimized with the Yoast SEO plugin v27.4 - https:\/\/yoast.com\/product\/yoast-seo-wordpress\/ -->\n<title>Brasserie eb &amp; vloed in Renesse<\/title>\n<meta name=\"robots\" content=\"index, follow, max-snippet:-1, max-image-preview:large, max-video-preview:-1\" \/>\n<link rel=\"canonical\" href=\"https:\/\/www.ebenvloedrenesse.nl\/de\/\" \/>\n<meta property=\"og:locale\" content=\"de_DE\" \/>\n<meta property=\"og:type\" content=\"article\" \/>\n<meta property=\"og:title\" content=\"Brasserie eb &amp; vloed in Renesse\" \/>\n<meta property=\"og:description\" content=\"tapas, drinks, loungeNimm Platz und mach es dir gem\u00fctlich! M\u00f6chtest du etwas trinken? Lust zu probieren und zu teilen?Ab 17:00 Uhr genie\u00dft du in unserem stimmungsvollen und trendigen Restaurant Eb &amp; Vloed unser Tapas-Konzept: kleine Gerichte zum Teilen, genau das, worauf du gerade Lust hast. Fisch, Fleisch, vegetarisch \u2013 w\u00e4hle, kombiniere und entdecke.Bestelle, was du [&hellip;]\" \/>\n<meta property=\"og:url\" content=\"https:\/\/www.ebenvloedrenesse.nl\/de\/\" \/>\n<meta property=\"og:site_name\" content=\"eb &amp; vloed Renesse\" \/>\n<meta property=\"article:publisher\" content=\"https:\/\/www.facebook.com\/ebvloedrenesse\/\" \/>\n<meta property=\"article:modified_time\" content=\"2026-04-16T15:25:17+00:00\" \/>\n<meta property=\"og:image\" content=\"https:\/\/www.ebenvloedrenesse.nl\/wp-content\/uploads\/2020\/03\/Brasserie-eb-en-vloed-Renesse-60.jpg\" \/>\n\t<meta property=\"og:image:width\" content=\"1920\" \/>\n\t<meta property=\"og:image:height\" content=\"1282\" \/>\n\t<meta property=\"og:image:type\" content=\"image\/jpeg\" \/>\n<meta name=\"twitter:card\" content=\"summary_large_image\" \/>\n<meta name=\"twitter:label1\" content=\"Gesch\u00e4tzte Lesezeit\" \/>\n\t<meta name=\"twitter:data1\" content=\"8\u00a0Minuten\" \/>\n<script type=\"application\/ld+json\" class=\"yoast-schema-graph\">{\"@context\":\"https:\\\/\\\/schema.org\",\"@graph\":[{\"@type\":\"WebPage\",\"@id\":\"https:\\\/\\\/www.ebenvloedrenesse.nl\\\/de\\\/\",\"url\":\"https:\\\/\\\/www.ebenvloedrenesse.nl\\\/de\\\/\",\"name\":\"Brasserie eb & vloed in Renesse\",\"isPartOf\":{\"@id\":\"https:\\\/\\\/www.ebenvloedrenesse.nl\\\/de\\\/#website\"},\"primaryImageOfPage\":{\"@id\":\"https:\\\/\\\/www.ebenvloedrenesse.nl\\\/de\\\/#primaryimage\"},\"image\":{\"@id\":\"https:\\\/\\\/www.ebenvloedrenesse.nl\\\/de\\\/#primaryimage\"},\"thumbnailUrl\":\"https:\\\/\\\/www.ebenvloedrenesse.nl\\\/wp-content\\\/uploads\\\/2020\\\/03\\\/Brasserie-eb-en-vloed-Renesse-60.jpg\",\"datePublished\":\"2020-02-28T08:52:00+00:00\",\"dateModified\":\"2026-04-16T15:25:17+00:00\",\"breadcrumb\":{\"@id\":\"https:\\\/\\\/www.ebenvloedrenesse.nl\\\/de\\\/#breadcrumb\"},\"inLanguage\":\"de\",\"potentialAction\":[{\"@type\":\"ReadAction\",\"target\":[\"https:\\\/\\\/www.ebenvloedrenesse.nl\\\/de\\\/\"]}]},{\"@type\":\"ImageObject\",\"inLanguage\":\"de\",\"@id\":\"https:\\\/\\\/www.ebenvloedrenesse.nl\\\/de\\\/#primaryimage\",\"url\":\"https:\\\/\\\/www.ebenvloedrenesse.nl\\\/wp-content\\\/uploads\\\/2020\\\/03\\\/Brasserie-eb-en-vloed-Renesse-60.jpg\",\"contentUrl\":\"https:\\\/\\\/www.ebenvloedrenesse.nl\\\/wp-content\\\/uploads\\\/2020\\\/03\\\/Brasserie-eb-en-vloed-Renesse-60.jpg\",\"width\":1920,\"height\":1282},{\"@type\":\"BreadcrumbList\",\"@id\":\"https:\\\/\\\/www.ebenvloedrenesse.nl\\\/de\\\/#breadcrumb\",\"itemListElement\":[{\"@type\":\"ListItem\",\"position\":1,\"name\":\"Home\",\"item\":\"https:\\\/\\\/www.ebenvloedrenesse.nl\\\/de\\\/\"},{\"@type\":\"ListItem\",\"position\":2,\"name\":\"eb &#038; vloed\"}]},{\"@type\":\"WebSite\",\"@id\":\"https:\\\/\\\/www.ebenvloedrenesse.nl\\\/de\\\/#website\",\"url\":\"https:\\\/\\\/www.ebenvloedrenesse.nl\\\/de\\\/\",\"name\":\"eb &amp; vloed Renesse\",\"description\":\"food | drinks | lounge\",\"publisher\":{\"@id\":\"https:\\\/\\\/www.ebenvloedrenesse.nl\\\/de\\\/#organization\"},\"potentialAction\":[{\"@type\":\"SearchAction\",\"target\":{\"@type\":\"EntryPoint\",\"urlTemplate\":\"https:\\\/\\\/www.ebenvloedrenesse.nl\\\/de\\\/?s={search_term_string}\"},\"query-input\":{\"@type\":\"PropertyValueSpecification\",\"valueRequired\":true,\"valueName\":\"search_term_string\"}}],\"inLanguage\":\"de\"},{\"@type\":\"Organization\",\"@id\":\"https:\\\/\\\/www.ebenvloedrenesse.nl\\\/de\\\/#organization\",\"name\":\"Eb & Vloed\",\"url\":\"https:\\\/\\\/www.ebenvloedrenesse.nl\\\/de\\\/\",\"logo\":{\"@type\":\"ImageObject\",\"inLanguage\":\"de\",\"@id\":\"https:\\\/\\\/www.ebenvloedrenesse.nl\\\/de\\\/#\\\/schema\\\/logo\\\/image\\\/\",\"url\":\"https:\\\/\\\/www.ebenvloedrenesse.nl\\\/wp-content\\\/uploads\\\/2020\\\/02\\\/logo-EbVloed-2020.png\",\"contentUrl\":\"https:\\\/\\\/www.ebenvloedrenesse.nl\\\/wp-content\\\/uploads\\\/2020\\\/02\\\/logo-EbVloed-2020.png\",\"width\":1800,\"height\":700,\"caption\":\"Eb & Vloed\"},\"image\":{\"@id\":\"https:\\\/\\\/www.ebenvloedrenesse.nl\\\/de\\\/#\\\/schema\\\/logo\\\/image\\\/\"},\"sameAs\":[\"https:\\\/\\\/www.facebook.com\\\/ebvloedrenesse\\\/\",\"https:\\\/\\\/www.instagram.com\\\/ebvloedrenesse\\\/\"]}]}<\/script>\n<!-- \/ Yoast SEO plugin. -->","yoast_head_json":{"title":"Brasserie eb & vloed in Renesse","robots":{"index":"index","follow":"follow","max-snippet":"max-snippet:-1","max-image-preview":"max-image-preview:large","max-video-preview":"max-video-preview:-1"},"canonical":"https:\/\/www.ebenvloedrenesse.nl\/de\/","og_locale":"de_DE","og_type":"article","og_title":"Brasserie eb & vloed in Renesse","og_description":"tapas, drinks, loungeNimm Platz und mach es dir gem\u00fctlich! M\u00f6chtest du etwas trinken? Lust zu probieren und zu teilen?Ab 17:00 Uhr genie\u00dft du in unserem stimmungsvollen und trendigen Restaurant Eb &amp; Vloed unser Tapas-Konzept: kleine Gerichte zum Teilen, genau das, worauf du gerade Lust hast. Fisch, Fleisch, vegetarisch \u2013 w\u00e4hle, kombiniere und entdecke.Bestelle, was du [&hellip;]","og_url":"https:\/\/www.ebenvloedrenesse.nl\/de\/","og_site_name":"eb &amp; vloed Renesse","article_publisher":"https:\/\/www.facebook.com\/ebvloedrenesse\/","article_modified_time":"2026-04-16T15:25:17+00:00","og_image":[{"width":1920,"height":1282,"url":"https:\/\/www.ebenvloedrenesse.nl\/wp-content\/uploads\/2020\/03\/Brasserie-eb-en-vloed-Renesse-60.jpg","type":"image\/jpeg"}],"twitter_card":"summary_large_image","twitter_misc":{"Gesch\u00e4tzte Lesezeit":"8\u00a0Minuten"},"schema":{"@context":"https:\/\/schema.org","@graph":[{"@type":"WebPage","@id":"https:\/\/www.ebenvloedrenesse.nl\/de\/","url":"https:\/\/www.ebenvloedrenesse.nl\/de\/","name":"Brasserie eb & vloed in Renesse","isPartOf":{"@id":"https:\/\/www.ebenvloedrenesse.nl\/de\/#website"},"primaryImageOfPage":{"@id":"https:\/\/www.ebenvloedrenesse.nl\/de\/#primaryimage"},"image":{"@id":"https:\/\/www.ebenvloedrenesse.nl\/de\/#primaryimage"},"thumbnailUrl":"https:\/\/www.ebenvloedrenesse.nl\/wp-content\/uploads\/2020\/03\/Brasserie-eb-en-vloed-Renesse-60.jpg","datePublished":"2020-02-28T08:52:00+00:00","dateModified":"2026-04-16T15:25:17+00:00","breadcrumb":{"@id":"https:\/\/www.ebenvloedrenesse.nl\/de\/#breadcrumb"},"inLanguage":"de","potentialAction":[{"@type":"ReadAction","target":["https:\/\/www.ebenvloedrenesse.nl\/de\/"]}]},{"@type":"ImageObject","inLanguage":"de","@id":"https:\/\/www.ebenvloedrenesse.nl\/de\/#primaryimage","url":"https:\/\/www.ebenvloedrenesse.nl\/wp-content\/uploads\/2020\/03\/Brasserie-eb-en-vloed-Renesse-60.jpg","contentUrl":"https:\/\/www.ebenvloedrenesse.nl\/wp-content\/uploads\/2020\/03\/Brasserie-eb-en-vloed-Renesse-60.jpg","width":1920,"height":1282},{"@type":"BreadcrumbList","@id":"https:\/\/www.ebenvloedrenesse.nl\/de\/#breadcrumb","itemListElement":[{"@type":"ListItem","position":1,"name":"Home","item":"https:\/\/www.ebenvloedrenesse.nl\/de\/"},{"@type":"ListItem","position":2,"name":"eb &#038; vloed"}]},{"@type":"WebSite","@id":"https:\/\/www.ebenvloedrenesse.nl\/de\/#website","url":"https:\/\/www.ebenvloedrenesse.nl\/de\/","name":"eb &amp; vloed Renesse","description":"food | drinks | lounge","publisher":{"@id":"https:\/\/www.ebenvloedrenesse.nl\/de\/#organization"},"potentialAction":[{"@type":"SearchAction","target":{"@type":"EntryPoint","urlTemplate":"https:\/\/www.ebenvloedrenesse.nl\/de\/?s={search_term_string}"},"query-input":{"@type":"PropertyValueSpecification","valueRequired":true,"valueName":"search_term_string"}}],"inLanguage":"de"},{"@type":"Organization","@id":"https:\/\/www.ebenvloedrenesse.nl\/de\/#organization","name":"Eb & Vloed","url":"https:\/\/www.ebenvloedrenesse.nl\/de\/","logo":{"@type":"ImageObject","inLanguage":"de","@id":"https:\/\/www.ebenvloedrenesse.nl\/de\/#\/schema\/logo\/image\/","url":"https:\/\/www.ebenvloedrenesse.nl\/wp-content\/uploads\/2020\/02\/logo-EbVloed-2020.png","contentUrl":"https:\/\/www.ebenvloedrenesse.nl\/wp-content\/uploads\/2020\/02\/logo-EbVloed-2020.png","width":1800,"height":700,"caption":"Eb & Vloed"},"image":{"@id":"https:\/\/www.ebenvloedrenesse.nl\/de\/#\/schema\/logo\/image\/"},"sameAs":["https:\/\/www.facebook.com\/ebvloedrenesse\/","https:\/\/www.instagram.com\/ebvloedrenesse\/"]}]}},"_links":{"self":[{"href":"https:\/\/www.ebenvloedrenesse.nl\/de\/wp-json\/wp\/v2\/pages\/519","targetHints":{"allow":["GET"]}}],"collection":[{"href":"https:\/\/www.ebenvloedrenesse.nl\/de\/wp-json\/wp\/v2\/pages"}],"about":[{"href":"https:\/\/www.ebenvloedrenesse.nl\/de\/wp-json\/wp\/v2\/types\/page"}],"author":[{"embeddable":true,"href":"https:\/\/www.ebenvloedrenesse.nl\/de\/wp-json\/wp\/v2\/users\/1"}],"replies":[{"embeddable":true,"href":"https:\/\/www.ebenvloedrenesse.nl\/de\/wp-json\/wp\/v2\/comments?post=519"}],"version-history":[{"count":17,"href":"https:\/\/www.ebenvloedrenesse.nl\/de\/wp-json\/wp\/v2\/pages\/519\/revisions"}],"predecessor-version":[{"id":3095,"href":"https:\/\/www.ebenvloedrenesse.nl\/de\/wp-json\/wp\/v2\/pages\/519\/revisions\/3095"}],"wp:featuredmedia":[{"embeddable":true,"href":"https:\/\/www.ebenvloedrenesse.nl\/de\/wp-json\/wp\/v2\/media\/615"}],"wp:attachment":[{"href":"https:\/\/www.ebenvloedrenesse.nl\/de\/wp-json\/wp\/v2\/media?parent=519"}],"curies":[{"name":"wp","href":"https:\/\/api.w.org\/{rel}","templated":true}]}}