{"id":464,"date":"2020-03-06T10:02:15","date_gmt":"2020-03-06T10:02:15","guid":{"rendered":"https:\/\/staging.ebenvloedrenesse.nl\/menu\/"},"modified":"2026-04-16T15:25:29","modified_gmt":"2026-04-16T15:25:29","slug":"menu","status":"publish","type":"page","link":"https:\/\/www.ebenvloedrenesse.nl\/de\/menu\/","title":{"rendered":"menu"},"content":{"rendered":"<p>[et_pb_section fb_built=&#8220;1&#8243; fullwidth=&#8220;on&#8220; _builder_version=&#8220;4.27.6&#8243; _module_preset=&#8220;default&#8220; global_colors_info=&#8220;{}&#8220;][et_pb_fullwidth_slider _builder_version=&#8220;4.27.6&#8243; _module_preset=&#8220;default&#8220; use_background_color_gradient=&#8220;on&#8220; background_color_gradient_stops=&#8220;#000000 0%|rgba(255,255,255,0) 31%&#8220; background_color_gradient_overlays_image=&#8220;on&#8220; auto=&#8220;on&#8220; auto_speed=&#8220;4000&#8243; auto_ignore_hover=&#8220;on&#8220; global_colors_info=&#8220;{}&#8220;][et_pb_slide heading=&#8220;Men\u00fc&#8220; _builder_version=&#8220;4.27.6&#8243; _module_preset=&#8220;default&#8220; header_level=&#8220;h1&#8243; header_font=&#8220;Alwyn New Rounded||||||||&#8220; header_text_align=&#8220;left&#8220; header_font_size=&#8220;4rem&#8220; background_enable_color=&#8220;off&#8220; background_image=&#8220;https:\/\/www.ebenvloedrenesse.nl\/wp-content\/uploads\/2026\/04\/Eb-Vloed-Renesse-09.jpg&#8220; background_enable_image=&#8220;on&#8220; custom_padding=&#8220;300px||||false|false&#8220; header_font_size_tablet=&#8220;3rem&#8220; header_font_size_phone=&#8220;2rem&#8220; header_font_size_last_edited=&#8220;on|phone&#8220; global_colors_info=&#8220;{}&#8220; sticky_transition=&#8220;on&#8220;][\/et_pb_slide][et_pb_slide heading=&#8220;Men\u00fc&#8220; _builder_version=&#8220;4.27.6&#8243; _module_preset=&#8220;default&#8220; header_level=&#8220;h1&#8243; header_font=&#8220;Alwyn New Rounded||||||||&#8220; header_text_align=&#8220;left&#8220; header_font_size=&#8220;4rem&#8220; background_enable_color=&#8220;off&#8220; background_image=&#8220;https:\/\/www.ebenvloedrenesse.nl\/wp-content\/uploads\/2026\/04\/Eb-Vloed-Renesse-10.jpg&#8220; background_enable_image=&#8220;on&#8220; custom_padding=&#8220;300px||||false|false&#8220; header_font_size_tablet=&#8220;3rem&#8220; header_font_size_phone=&#8220;2rem&#8220; header_font_size_last_edited=&#8220;on|phone&#8220; global_colors_info=&#8220;{}&#8220; sticky_transition=&#8220;on&#8220;][\/et_pb_slide][et_pb_slide heading=&#8220;Men\u00fc&#8220; _builder_version=&#8220;4.27.6&#8243; _module_preset=&#8220;default&#8220; header_level=&#8220;h1&#8243; header_font=&#8220;Alwyn New Rounded||||||||&#8220; header_text_align=&#8220;left&#8220; header_font_size=&#8220;4rem&#8220; background_enable_color=&#8220;off&#8220; background_image=&#8220;https:\/\/www.ebenvloedrenesse.nl\/wp-content\/uploads\/2026\/04\/Eb-Vloed-Renesse-11.jpg&#8220; background_enable_image=&#8220;on&#8220; custom_padding=&#8220;300px||||false|false&#8220; header_font_size_tablet=&#8220;3rem&#8220; header_font_size_phone=&#8220;2rem&#8220; header_font_size_last_edited=&#8220;on|phone&#8220; global_colors_info=&#8220;{}&#8220; sticky_transition=&#8220;on&#8220;][\/et_pb_slide][et_pb_slide heading=&#8220;Men\u00fc&#8220; _builder_version=&#8220;4.27.6&#8243; _module_preset=&#8220;default&#8220; header_level=&#8220;h1&#8243; header_font=&#8220;Alwyn New Rounded||||||||&#8220; header_text_align=&#8220;left&#8220; header_font_size=&#8220;4rem&#8220; background_enable_color=&#8220;off&#8220; background_image=&#8220;https:\/\/www.ebenvloedrenesse.nl\/wp-content\/uploads\/2026\/04\/Eb-Vloed-Renesse-12.jpg&#8220; background_enable_image=&#8220;on&#8220; custom_padding=&#8220;300px||||false|false&#8220; header_font_size_tablet=&#8220;3rem&#8220; header_font_size_phone=&#8220;2rem&#8220; header_font_size_last_edited=&#8220;on|phone&#8220; global_colors_info=&#8220;{}&#8220; sticky_transition=&#8220;on&#8220;][\/et_pb_slide][et_pb_slide heading=&#8220;Men\u00fc&#8220; _builder_version=&#8220;4.27.6&#8243; _module_preset=&#8220;default&#8220; header_level=&#8220;h1&#8243; header_font=&#8220;Alwyn New Rounded||||||||&#8220; header_text_align=&#8220;left&#8220; header_font_size=&#8220;4rem&#8220; background_enable_color=&#8220;off&#8220; background_image=&#8220;https:\/\/www.ebenvloedrenesse.nl\/wp-content\/uploads\/2026\/04\/Eb-Vloed-Renesse-13.jpg&#8220; background_enable_image=&#8220;on&#8220; custom_padding=&#8220;300px||||false|false&#8220; header_font_size_tablet=&#8220;3rem&#8220; header_font_size_phone=&#8220;2rem&#8220; header_font_size_last_edited=&#8220;on|phone&#8220; global_colors_info=&#8220;{}&#8220; sticky_transition=&#8220;on&#8220;][\/et_pb_slide][et_pb_slide heading=&#8220;Men\u00fc&#8220; _builder_version=&#8220;4.27.6&#8243; _module_preset=&#8220;default&#8220; header_level=&#8220;h1&#8243; header_font=&#8220;Alwyn New Rounded||||||||&#8220; header_text_align=&#8220;left&#8220; header_font_size=&#8220;4rem&#8220; background_enable_color=&#8220;off&#8220; background_image=&#8220;https:\/\/www.ebenvloedrenesse.nl\/wp-content\/uploads\/2026\/04\/Eb-Vloed-Renesse-14.jpg&#8220; background_enable_image=&#8220;on&#8220; custom_padding=&#8220;300px||||false|false&#8220; header_font_size_tablet=&#8220;3rem&#8220; header_font_size_phone=&#8220;2rem&#8220; header_font_size_last_edited=&#8220;on|phone&#8220; global_colors_info=&#8220;{}&#8220; sticky_transition=&#8220;on&#8220;][\/et_pb_slide][et_pb_slide heading=&#8220;Men\u00fc&#8220; _builder_version=&#8220;4.27.6&#8243; _module_preset=&#8220;default&#8220; header_level=&#8220;h1&#8243; header_font=&#8220;Alwyn New Rounded||||||||&#8220; header_text_align=&#8220;left&#8220; header_font_size=&#8220;4rem&#8220; background_enable_color=&#8220;off&#8220; background_image=&#8220;https:\/\/www.ebenvloedrenesse.nl\/wp-content\/uploads\/2026\/04\/Eb-Vloed-Renesse-15.jpg&#8220; background_enable_image=&#8220;on&#8220; custom_padding=&#8220;300px||||false|false&#8220; header_font_size_tablet=&#8220;3rem&#8220; header_font_size_phone=&#8220;2rem&#8220; header_font_size_last_edited=&#8220;on|phone&#8220; global_colors_info=&#8220;{}&#8220; sticky_transition=&#8220;on&#8220;][\/et_pb_slide][et_pb_slide heading=&#8220;Men\u00fc&#8220; _builder_version=&#8220;4.27.6&#8243; _module_preset=&#8220;default&#8220; header_level=&#8220;h1&#8243; header_font=&#8220;Alwyn New Rounded||||||||&#8220; header_text_align=&#8220;left&#8220; header_font_size=&#8220;4rem&#8220; background_enable_color=&#8220;off&#8220; background_image=&#8220;https:\/\/www.ebenvloedrenesse.nl\/wp-content\/uploads\/2026\/04\/Eb-Vloed-Renesse-16.jpg&#8220; background_enable_image=&#8220;on&#8220; custom_padding=&#8220;300px||||false|false&#8220; header_font_size_tablet=&#8220;3rem&#8220; header_font_size_phone=&#8220;2rem&#8220; header_font_size_last_edited=&#8220;on|phone&#8220; global_colors_info=&#8220;{}&#8220; sticky_transition=&#8220;on&#8220;][\/et_pb_slide][et_pb_slide heading=&#8220;Men\u00fc&#8220; _builder_version=&#8220;4.27.6&#8243; _module_preset=&#8220;default&#8220; header_level=&#8220;h1&#8243; header_font=&#8220;Alwyn New Rounded||||||||&#8220; header_text_align=&#8220;left&#8220; header_font_size=&#8220;4rem&#8220; background_enable_color=&#8220;off&#8220; background_image=&#8220;https:\/\/www.ebenvloedrenesse.nl\/wp-content\/uploads\/2026\/04\/Eb-Vloed-Renesse-17.jpg&#8220; background_enable_image=&#8220;on&#8220; custom_padding=&#8220;300px||||false|false&#8220; header_font_size_tablet=&#8220;3rem&#8220; header_font_size_phone=&#8220;2rem&#8220; header_font_size_last_edited=&#8220;on|phone&#8220; global_colors_info=&#8220;{}&#8220; sticky_transition=&#8220;on&#8220;][\/et_pb_slide][\/et_pb_fullwidth_slider][\/et_pb_section][et_pb_section fb_built=&#8220;1&#8243; module_id=&#8220;Men\u00fc&#8220; _builder_version=&#8220;4.17.3&#8243; background_color=&#8220;#FFFFFF&#8220; background_enable_image=&#8220;off&#8220; custom_padding=&#8220;10px||10px||false|false&#8220; global_colors_info=&#8220;{}&#8220;][et_pb_row column_structure=&#8220;3_5,2_5&#8243; _builder_version=&#8220;4.27.4&#8243; global_colors_info=&#8220;{}&#8220;][et_pb_column type=&#8220;3_5&#8243; _builder_version=&#8220;4.16&#8243; global_colors_info=&#8220;{}&#8220;][et_pb_button button_url=&#8220;https:\/\/www.ebenvloedrenesse.nl\/wp-content\/uploads\/2026\/04\/EV-Lunch-menukaart-DE.pdf&#8220; url_new_window=&#8220;on&#8220; button_text=&#8220;mittagessen&#8220; _builder_version=&#8220;4.27.6&#8243; _module_preset=&#8220;default&#8220; global_colors_info=&#8220;{}&#8220;][\/et_pb_button][et_pb_button button_url=&#8220;https:\/\/www.ebenvloedrenesse.nl\/wp-content\/uploads\/2026\/04\/menukaart-tapas.pdf&#8220; url_new_window=&#8220;on&#8220; button_text=&#8220;menukaart tapas (NL)&#8220; _builder_version=&#8220;4.27.6&#8243; _module_preset=&#8220;default&#8220; global_colors_info=&#8220;{}&#8220;][\/et_pb_button][et_pb_button button_url=&#8220;https:\/\/www.ebenvloedrenesse.nl\/wp-content\/uploads\/2026\/04\/Concept-1-EV-Kindermenu-kaart.pdf&#8220; url_new_window=&#8220;on&#8220; button_text=&#8220;kindermen\u00fc&#8220; _builder_version=&#8220;4.27.6&#8243; _module_preset=&#8220;default&#8220; global_colors_info=&#8220;{}&#8220;][\/et_pb_button][et_pb_text _builder_version=&#8220;4.27.6&#8243; animation_direction=&#8220;left&#8220; global_colors_info=&#8220;{}&#8220;]<\/p>\n<h2>menukaarten lunch en tapas<\/h2>\n<p><\/p>\n<p style=\"font-weight: 400;\">In den Sommerferien bieten wir ab 12:00 Uhr Mittagessen an.<\/p>\n<p><\/p>\n<p style=\"font-weight: 400;\">Au\u00dferhalb dieser Zeit sind wir ab 16:00 Uhr ge\u00f6ffnet und die Tapas zum Abendessen k\u00f6nnen zwischen 17:00 und 21:00 Uhr bestellt werden. Reservierungen sind bis maximal 20:00 Uhr m\u00f6glich.<\/p>\n<p><\/p>\n<p style=\"font-weight: 400;\">Die Tapas k\u00f6nnen je nach saisonalen oder nicht verf\u00fcgbaren Produkten variieren.<\/p>\n<p>[\/et_pb_text][\/et_pb_column][et_pb_column type=&#8220;2_5&#8243; _builder_version=&#8220;4.16&#8243; background_enable_image=&#8220;off&#8220; global_colors_info=&#8220;{}&#8220;][et_pb_image src=&#8220;https:\/\/ebenvloedrenesse.nl\/wp-content\/uploads\/2020\/02\/overlay-eb-en-vloed-bottom-left.png&#8220; title_text=&#8220;SAFL\u201320250421_0014&#8243; align=&#8220;center&#8220; force_fullwidth=&#8220;on&#8220; _builder_version=&#8220;4.27.4&#8243; background_enable_color=&#8220;off&#8220; background_image=&#8220;https:\/\/www.ebenvloedrenesse.nl\/wp-content\/uploads\/2025\/06\/SAFL\u201320250421_0014-scaled.jpg&#8220; global_colors_info=&#8220;{}&#8220;][\/et_pb_image][\/et_pb_column][\/et_pb_row][\/et_pb_section][et_pb_section fb_built=&#8220;1&#8243; _builder_version=&#8220;4.16&#8243; background_color=&#8220;#009cb4&#8243; border_width_bottom=&#8220;10px&#8220; border_color_bottom=&#8220;#00788b&#8220; global_colors_info=&#8220;{}&#8220;][et_pb_row _builder_version=&#8220;4.16&#8243; global_colors_info=&#8220;{}&#8220;][et_pb_column type=&#8220;4_4&#8243; _builder_version=&#8220;4.16&#8243; global_colors_info=&#8220;{}&#8220;][et_pb_text _builder_version=&#8220;4.16&#8243; global_colors_info=&#8220;{}&#8220;]<\/p>\n<h2>lunchen, loungen, gut essen und trinken<\/h2>\n<p><\/p>\n<p>bei eb &amp; vloed wird Leidenschaft serviert!<\/p>\n<p>[\/et_pb_text][\/et_pb_column][\/et_pb_row][\/et_pb_section][et_pb_section fb_built=&#8220;1&#8243; _builder_version=&#8220;4.23.1&#8243; custom_padding=&#8220;0px||0px||false|false&#8220; global_colors_info=&#8220;{}&#8220;][et_pb_row use_custom_gutter=&#8220;on&#8220; gutter_width=&#8220;1&#8243; _builder_version=&#8220;4.16&#8243; width=&#8220;100%&#8220; max_width=&#8220;2000px&#8220; custom_padding=&#8220;0px||0px||false|false&#8220; global_colors_info=&#8220;{}&#8220;][et_pb_column type=&#8220;4_4&#8243; _builder_version=&#8220;4.16&#8243; global_colors_info=&#8220;{}&#8220;][et_pb_gallery gallery_ids=&#8220;1725,3039,3042,2782,2778,2792,2776,3043&#8243; posts_number=&#8220;8&#8243; show_title_and_caption=&#8220;off&#8220; show_pagination=&#8220;off&#8220; zoom_icon_color=&#8220;rgba(0,0,0,0)&#8220; hover_overlay_color=&#8220;rgba(0,0,0,0)&#8220; _builder_version=&#8220;4.27.6&#8243; background_color=&#8220;#333&#8243; child_filter_saturate=&#8220;50%&#8220; hover_enabled=&#8220;0&#8243; border_width_all=&#8220;1px&#8220; global_colors_info=&#8220;{}&#8220; child_filter_blur__hover_enabled=&#8220;off|desktop&#8220; child_filter_blur__hover=&#8220;0px&#8220; child_filter_saturate__hover_enabled=&#8220;on|hover&#8220; child_filter_saturate__hover=&#8220;100%&#8220; sticky_enabled=&#8220;0&#8243;][\/et_pb_gallery][\/et_pb_column][\/et_pb_row][\/et_pb_section]<\/p>\n","protected":false},"excerpt":{"rendered":"<p>menukaarten lunch en tapasIn den Sommerferien bieten wir ab 12:00 Uhr Mittagessen an.Au\u00dferhalb dieser Zeit sind wir ab 16:00 Uhr ge\u00f6ffnet und die Tapas zum Abendessen k\u00f6nnen zwischen 17:00 und 21:00 Uhr bestellt werden. Reservierungen sind bis maximal 20:00 Uhr m\u00f6glich.Die Tapas k\u00f6nnen je nach saisonalen oder nicht verf\u00fcgbaren Produkten variieren.lunchen, loungen, gut essen und [&hellip;]<\/p>\n","protected":false},"author":1,"featured_media":703,"parent":0,"menu_order":0,"comment_status":"closed","ping_status":"closed","template":"","meta":{"_et_pb_use_builder":"on","_et_pb_old_content":"","_et_gb_content_width":"","footnotes":""},"class_list":["post-464","page","type-page","status-publish","has-post-thumbnail","hentry"],"yoast_head":"<!-- This site is optimized with the Yoast SEO plugin v27.4 - https:\/\/yoast.com\/product\/yoast-seo-wordpress\/ -->\n<title>Brasserie eb &amp; vloed in Renesse | menu<\/title>\n<meta name=\"robots\" content=\"index, follow, max-snippet:-1, max-image-preview:large, max-video-preview:-1\" \/>\n<link rel=\"canonical\" href=\"https:\/\/www.ebenvloedrenesse.nl\/de\/menu\/\" \/>\n<meta property=\"og:locale\" content=\"de_DE\" \/>\n<meta property=\"og:type\" content=\"article\" \/>\n<meta property=\"og:title\" content=\"Brasserie eb &amp; vloed in Renesse | menu\" \/>\n<meta property=\"og:description\" content=\"menukaarten lunch en tapasIn den Sommerferien bieten wir ab 12:00 Uhr Mittagessen an.Au\u00dferhalb dieser Zeit sind wir ab 16:00 Uhr ge\u00f6ffnet und die Tapas zum Abendessen k\u00f6nnen zwischen 17:00 und 21:00 Uhr bestellt werden. Reservierungen sind bis maximal 20:00 Uhr m\u00f6glich.Die Tapas k\u00f6nnen je nach saisonalen oder nicht verf\u00fcgbaren Produkten variieren.lunchen, loungen, gut essen und [&hellip;]\" \/>\n<meta property=\"og:url\" content=\"https:\/\/www.ebenvloedrenesse.nl\/de\/menu\/\" \/>\n<meta property=\"og:site_name\" content=\"eb &amp; vloed Renesse\" \/>\n<meta property=\"article:publisher\" content=\"https:\/\/www.facebook.com\/ebvloedrenesse\/\" \/>\n<meta property=\"article:modified_time\" content=\"2026-04-16T15:25:29+00:00\" \/>\n<meta property=\"og:image\" content=\"https:\/\/www.ebenvloedrenesse.nl\/wp-content\/uploads\/2020\/03\/Brasserie-eb-en-vloed-Renesse-16.jpg\" \/>\n\t<meta property=\"og:image:width\" content=\"1920\" \/>\n\t<meta property=\"og:image:height\" content=\"1282\" \/>\n\t<meta property=\"og:image:type\" content=\"image\/jpeg\" \/>\n<meta name=\"twitter:card\" content=\"summary_large_image\" \/>\n<meta name=\"twitter:label1\" content=\"Gesch\u00e4tzte Lesezeit\" \/>\n\t<meta name=\"twitter:data1\" content=\"6\u00a0Minuten\" \/>\n<script type=\"application\/ld+json\" class=\"yoast-schema-graph\">{\"@context\":\"https:\\\/\\\/schema.org\",\"@graph\":[{\"@type\":\"WebPage\",\"@id\":\"https:\\\/\\\/www.ebenvloedrenesse.nl\\\/de\\\/menu\\\/\",\"url\":\"https:\\\/\\\/www.ebenvloedrenesse.nl\\\/de\\\/menu\\\/\",\"name\":\"Brasserie eb & vloed in Renesse | menu\",\"isPartOf\":{\"@id\":\"https:\\\/\\\/www.ebenvloedrenesse.nl\\\/de\\\/#website\"},\"primaryImageOfPage\":{\"@id\":\"https:\\\/\\\/www.ebenvloedrenesse.nl\\\/de\\\/menu\\\/#primaryimage\"},\"image\":{\"@id\":\"https:\\\/\\\/www.ebenvloedrenesse.nl\\\/de\\\/menu\\\/#primaryimage\"},\"thumbnailUrl\":\"https:\\\/\\\/www.ebenvloedrenesse.nl\\\/wp-content\\\/uploads\\\/2020\\\/03\\\/Brasserie-eb-en-vloed-Renesse-16.jpg\",\"datePublished\":\"2020-03-06T10:02:15+00:00\",\"dateModified\":\"2026-04-16T15:25:29+00:00\",\"breadcrumb\":{\"@id\":\"https:\\\/\\\/www.ebenvloedrenesse.nl\\\/de\\\/menu\\\/#breadcrumb\"},\"inLanguage\":\"de\",\"potentialAction\":[{\"@type\":\"ReadAction\",\"target\":[\"https:\\\/\\\/www.ebenvloedrenesse.nl\\\/de\\\/menu\\\/\"]}]},{\"@type\":\"ImageObject\",\"inLanguage\":\"de\",\"@id\":\"https:\\\/\\\/www.ebenvloedrenesse.nl\\\/de\\\/menu\\\/#primaryimage\",\"url\":\"https:\\\/\\\/www.ebenvloedrenesse.nl\\\/wp-content\\\/uploads\\\/2020\\\/03\\\/Brasserie-eb-en-vloed-Renesse-16.jpg\",\"contentUrl\":\"https:\\\/\\\/www.ebenvloedrenesse.nl\\\/wp-content\\\/uploads\\\/2020\\\/03\\\/Brasserie-eb-en-vloed-Renesse-16.jpg\",\"width\":1920,\"height\":1282},{\"@type\":\"BreadcrumbList\",\"@id\":\"https:\\\/\\\/www.ebenvloedrenesse.nl\\\/de\\\/menu\\\/#breadcrumb\",\"itemListElement\":[{\"@type\":\"ListItem\",\"position\":1,\"name\":\"Home\",\"item\":\"https:\\\/\\\/www.ebenvloedrenesse.nl\\\/de\\\/\"},{\"@type\":\"ListItem\",\"position\":2,\"name\":\"menu\"}]},{\"@type\":\"WebSite\",\"@id\":\"https:\\\/\\\/www.ebenvloedrenesse.nl\\\/de\\\/#website\",\"url\":\"https:\\\/\\\/www.ebenvloedrenesse.nl\\\/de\\\/\",\"name\":\"eb &amp; vloed Renesse\",\"description\":\"food | drinks | lounge\",\"publisher\":{\"@id\":\"https:\\\/\\\/www.ebenvloedrenesse.nl\\\/de\\\/#organization\"},\"potentialAction\":[{\"@type\":\"SearchAction\",\"target\":{\"@type\":\"EntryPoint\",\"urlTemplate\":\"https:\\\/\\\/www.ebenvloedrenesse.nl\\\/de\\\/?s={search_term_string}\"},\"query-input\":{\"@type\":\"PropertyValueSpecification\",\"valueRequired\":true,\"valueName\":\"search_term_string\"}}],\"inLanguage\":\"de\"},{\"@type\":\"Organization\",\"@id\":\"https:\\\/\\\/www.ebenvloedrenesse.nl\\\/de\\\/#organization\",\"name\":\"Eb & Vloed\",\"url\":\"https:\\\/\\\/www.ebenvloedrenesse.nl\\\/de\\\/\",\"logo\":{\"@type\":\"ImageObject\",\"inLanguage\":\"de\",\"@id\":\"https:\\\/\\\/www.ebenvloedrenesse.nl\\\/de\\\/#\\\/schema\\\/logo\\\/image\\\/\",\"url\":\"https:\\\/\\\/www.ebenvloedrenesse.nl\\\/wp-content\\\/uploads\\\/2020\\\/02\\\/logo-EbVloed-2020.png\",\"contentUrl\":\"https:\\\/\\\/www.ebenvloedrenesse.nl\\\/wp-content\\\/uploads\\\/2020\\\/02\\\/logo-EbVloed-2020.png\",\"width\":1800,\"height\":700,\"caption\":\"Eb & Vloed\"},\"image\":{\"@id\":\"https:\\\/\\\/www.ebenvloedrenesse.nl\\\/de\\\/#\\\/schema\\\/logo\\\/image\\\/\"},\"sameAs\":[\"https:\\\/\\\/www.facebook.com\\\/ebvloedrenesse\\\/\",\"https:\\\/\\\/www.instagram.com\\\/ebvloedrenesse\\\/\"]}]}<\/script>\n<!-- \/ Yoast SEO plugin. -->","yoast_head_json":{"title":"Brasserie eb & vloed in Renesse | menu","robots":{"index":"index","follow":"follow","max-snippet":"max-snippet:-1","max-image-preview":"max-image-preview:large","max-video-preview":"max-video-preview:-1"},"canonical":"https:\/\/www.ebenvloedrenesse.nl\/de\/menu\/","og_locale":"de_DE","og_type":"article","og_title":"Brasserie eb & vloed in Renesse | menu","og_description":"menukaarten lunch en tapasIn den Sommerferien bieten wir ab 12:00 Uhr Mittagessen an.Au\u00dferhalb dieser Zeit sind wir ab 16:00 Uhr ge\u00f6ffnet und die Tapas zum Abendessen k\u00f6nnen zwischen 17:00 und 21:00 Uhr bestellt werden. Reservierungen sind bis maximal 20:00 Uhr m\u00f6glich.Die Tapas k\u00f6nnen je nach saisonalen oder nicht verf\u00fcgbaren Produkten variieren.lunchen, loungen, gut essen und [&hellip;]","og_url":"https:\/\/www.ebenvloedrenesse.nl\/de\/menu\/","og_site_name":"eb &amp; vloed Renesse","article_publisher":"https:\/\/www.facebook.com\/ebvloedrenesse\/","article_modified_time":"2026-04-16T15:25:29+00:00","og_image":[{"width":1920,"height":1282,"url":"https:\/\/www.ebenvloedrenesse.nl\/wp-content\/uploads\/2020\/03\/Brasserie-eb-en-vloed-Renesse-16.jpg","type":"image\/jpeg"}],"twitter_card":"summary_large_image","twitter_misc":{"Gesch\u00e4tzte Lesezeit":"6\u00a0Minuten"},"schema":{"@context":"https:\/\/schema.org","@graph":[{"@type":"WebPage","@id":"https:\/\/www.ebenvloedrenesse.nl\/de\/menu\/","url":"https:\/\/www.ebenvloedrenesse.nl\/de\/menu\/","name":"Brasserie eb & vloed in Renesse | menu","isPartOf":{"@id":"https:\/\/www.ebenvloedrenesse.nl\/de\/#website"},"primaryImageOfPage":{"@id":"https:\/\/www.ebenvloedrenesse.nl\/de\/menu\/#primaryimage"},"image":{"@id":"https:\/\/www.ebenvloedrenesse.nl\/de\/menu\/#primaryimage"},"thumbnailUrl":"https:\/\/www.ebenvloedrenesse.nl\/wp-content\/uploads\/2020\/03\/Brasserie-eb-en-vloed-Renesse-16.jpg","datePublished":"2020-03-06T10:02:15+00:00","dateModified":"2026-04-16T15:25:29+00:00","breadcrumb":{"@id":"https:\/\/www.ebenvloedrenesse.nl\/de\/menu\/#breadcrumb"},"inLanguage":"de","potentialAction":[{"@type":"ReadAction","target":["https:\/\/www.ebenvloedrenesse.nl\/de\/menu\/"]}]},{"@type":"ImageObject","inLanguage":"de","@id":"https:\/\/www.ebenvloedrenesse.nl\/de\/menu\/#primaryimage","url":"https:\/\/www.ebenvloedrenesse.nl\/wp-content\/uploads\/2020\/03\/Brasserie-eb-en-vloed-Renesse-16.jpg","contentUrl":"https:\/\/www.ebenvloedrenesse.nl\/wp-content\/uploads\/2020\/03\/Brasserie-eb-en-vloed-Renesse-16.jpg","width":1920,"height":1282},{"@type":"BreadcrumbList","@id":"https:\/\/www.ebenvloedrenesse.nl\/de\/menu\/#breadcrumb","itemListElement":[{"@type":"ListItem","position":1,"name":"Home","item":"https:\/\/www.ebenvloedrenesse.nl\/de\/"},{"@type":"ListItem","position":2,"name":"menu"}]},{"@type":"WebSite","@id":"https:\/\/www.ebenvloedrenesse.nl\/de\/#website","url":"https:\/\/www.ebenvloedrenesse.nl\/de\/","name":"eb &amp; vloed Renesse","description":"food | drinks | lounge","publisher":{"@id":"https:\/\/www.ebenvloedrenesse.nl\/de\/#organization"},"potentialAction":[{"@type":"SearchAction","target":{"@type":"EntryPoint","urlTemplate":"https:\/\/www.ebenvloedrenesse.nl\/de\/?s={search_term_string}"},"query-input":{"@type":"PropertyValueSpecification","valueRequired":true,"valueName":"search_term_string"}}],"inLanguage":"de"},{"@type":"Organization","@id":"https:\/\/www.ebenvloedrenesse.nl\/de\/#organization","name":"Eb & Vloed","url":"https:\/\/www.ebenvloedrenesse.nl\/de\/","logo":{"@type":"ImageObject","inLanguage":"de","@id":"https:\/\/www.ebenvloedrenesse.nl\/de\/#\/schema\/logo\/image\/","url":"https:\/\/www.ebenvloedrenesse.nl\/wp-content\/uploads\/2020\/02\/logo-EbVloed-2020.png","contentUrl":"https:\/\/www.ebenvloedrenesse.nl\/wp-content\/uploads\/2020\/02\/logo-EbVloed-2020.png","width":1800,"height":700,"caption":"Eb & Vloed"},"image":{"@id":"https:\/\/www.ebenvloedrenesse.nl\/de\/#\/schema\/logo\/image\/"},"sameAs":["https:\/\/www.facebook.com\/ebvloedrenesse\/","https:\/\/www.instagram.com\/ebvloedrenesse\/"]}]}},"_links":{"self":[{"href":"https:\/\/www.ebenvloedrenesse.nl\/de\/wp-json\/wp\/v2\/pages\/464","targetHints":{"allow":["GET"]}}],"collection":[{"href":"https:\/\/www.ebenvloedrenesse.nl\/de\/wp-json\/wp\/v2\/pages"}],"about":[{"href":"https:\/\/www.ebenvloedrenesse.nl\/de\/wp-json\/wp\/v2\/types\/page"}],"author":[{"embeddable":true,"href":"https:\/\/www.ebenvloedrenesse.nl\/de\/wp-json\/wp\/v2\/users\/1"}],"replies":[{"embeddable":true,"href":"https:\/\/www.ebenvloedrenesse.nl\/de\/wp-json\/wp\/v2\/comments?post=464"}],"version-history":[{"count":55,"href":"https:\/\/www.ebenvloedrenesse.nl\/de\/wp-json\/wp\/v2\/pages\/464\/revisions"}],"predecessor-version":[{"id":3098,"href":"https:\/\/www.ebenvloedrenesse.nl\/de\/wp-json\/wp\/v2\/pages\/464\/revisions\/3098"}],"wp:featuredmedia":[{"embeddable":true,"href":"https:\/\/www.ebenvloedrenesse.nl\/de\/wp-json\/wp\/v2\/media\/703"}],"wp:attachment":[{"href":"https:\/\/www.ebenvloedrenesse.nl\/de\/wp-json\/wp\/v2\/media?parent=464"}],"curies":[{"name":"wp","href":"https:\/\/api.w.org\/{rel}","templated":true}]}}