{"id":1158,"date":"2020-03-10T08:10:35","date_gmt":"2020-03-10T08:10:35","guid":{"rendered":"https:\/\/www.ebenvloedrenesse.nl\/foodcourt-42\/"},"modified":"2026-04-14T07:49:20","modified_gmt":"2026-04-14T07:49:20","slug":"foodcourt-42","status":"publish","type":"page","link":"https:\/\/www.ebenvloedrenesse.nl\/de\/foodcourt-42\/","title":{"rendered":"foodcourt 42"},"content":{"rendered":"<p>[et_pb_section fb_built=&#8220;1&#8243; fullwidth=&#8220;on&#8220; _builder_version=&#8220;4.27.6&#8243; _module_preset=&#8220;default&#8220; global_colors_info=&#8220;{}&#8220; theme_builder_area=&#8220;post_content&#8220;][et_pb_fullwidth_slider _builder_version=&#8220;4.27.6&#8243; _module_preset=&#8220;default&#8220; use_background_color_gradient=&#8220;on&#8220; background_color_gradient_stops=&#8220;#000000 0%|rgba(255,255,255,0) 31%&#8220; background_color_gradient_overlays_image=&#8220;on&#8220; auto=&#8220;on&#8220; auto_speed=&#8220;4000&#8243; auto_ignore_hover=&#8220;on&#8220; hover_enabled=&#8220;0&#8243; global_colors_info=&#8220;{}&#8220; theme_builder_area=&#8220;post_content&#8220; sticky_enabled=&#8220;0&#8243;][et_pb_slide heading=&#8220;<\/p>\n<h1>foodcourt 42<\/h1>\n<p>&#8220; _builder_version=&#8220;4.27.6&#8243; _module_preset=&#8220;default&#8220; header_level=&#8220;h1&#8243; header_font=&#8220;Alwyn New Rounded||||||||&#8220; header_text_align=&#8220;left&#8220; header_font_size=&#8220;4rem&#8220; background_enable_color=&#8220;off&#8220; background_image=&#8220;https:\/\/www.ebenvloedrenesse.nl\/wp-content\/uploads\/2026\/04\/Eb-Vloed-Renesse-25.jpg&#8220; background_enable_image=&#8220;on&#8220; custom_padding=&#8220;300px||||false|false&#8220; hover_enabled=&#8220;0&#8243; header_font_size_tablet=&#8220;3rem&#8220; header_font_size_phone=&#8220;2rem&#8220; header_font_size_last_edited=&#8220;on|phone&#8220; global_colors_info=&#8220;{}&#8220; sticky_transition=&#8220;on&#8220; theme_builder_area=&#8220;post_content&#8220; title_text=&#8220;Eb &#038; Vloed Renesse &#8211; 25&#8243; sticky_enabled=&#8220;0&#8243;][\/et_pb_slide][et_pb_slide heading=&#8220;<\/p>\n<h1>foodcourt 42<\/h1>\n<p>&#8220; _builder_version=&#8220;4.27.6&#8243; _module_preset=&#8220;default&#8220; header_level=&#8220;h1&#8243; header_font=&#8220;Alwyn New Rounded||||||||&#8220; header_text_align=&#8220;left&#8220; header_font_size=&#8220;4rem&#8220; background_enable_color=&#8220;off&#8220; background_image=&#8220;https:\/\/www.ebenvloedrenesse.nl\/wp-content\/uploads\/2026\/04\/Eb-Vloed-Renesse-26.jpg&#8220; background_enable_image=&#8220;on&#8220; custom_padding=&#8220;300px||||false|false&#8220; hover_enabled=&#8220;0&#8243; header_font_size_tablet=&#8220;3rem&#8220; header_font_size_phone=&#8220;2rem&#8220; header_font_size_last_edited=&#8220;on|phone&#8220; global_colors_info=&#8220;{}&#8220; sticky_transition=&#8220;on&#8220; theme_builder_area=&#8220;post_content&#8220; title_text=&#8220;Eb &#038; Vloed Renesse &#8211; 26&#8243; sticky_enabled=&#8220;0&#8243;][\/et_pb_slide][et_pb_slide heading=&#8220;<\/p>\n<h1>foodcourt 42<\/h1>\n<p>&#8220; _builder_version=&#8220;4.27.6&#8243; _module_preset=&#8220;default&#8220; header_level=&#8220;h1&#8243; header_font=&#8220;Alwyn New Rounded||||||||&#8220; header_text_align=&#8220;left&#8220; header_font_size=&#8220;4rem&#8220; background_enable_color=&#8220;off&#8220; background_image=&#8220;https:\/\/www.ebenvloedrenesse.nl\/wp-content\/uploads\/2026\/04\/Eb-Vloed-Renesse-27.jpg&#8220; background_enable_image=&#8220;on&#8220; custom_padding=&#8220;300px||||false|false&#8220; hover_enabled=&#8220;0&#8243; header_font_size_tablet=&#8220;3rem&#8220; header_font_size_phone=&#8220;2rem&#8220; header_font_size_last_edited=&#8220;on|phone&#8220; global_colors_info=&#8220;{}&#8220; sticky_transition=&#8220;on&#8220; theme_builder_area=&#8220;post_content&#8220; title_text=&#8220;Eb &#038; Vloed Renesse &#8211; 27&#8243; sticky_enabled=&#8220;0&#8243;][\/et_pb_slide][et_pb_slide heading=&#8220;<\/p>\n<h1>foodcourt 42<\/h1>\n<p>&#8220; _builder_version=&#8220;4.27.6&#8243; _module_preset=&#8220;default&#8220; header_level=&#8220;h1&#8243; header_font=&#8220;Alwyn New Rounded||||||||&#8220; header_text_align=&#8220;left&#8220; header_font_size=&#8220;4rem&#8220; background_enable_color=&#8220;off&#8220; background_image=&#8220;https:\/\/www.ebenvloedrenesse.nl\/wp-content\/uploads\/2026\/04\/Eb-Vloed-Renesse-28.jpg&#8220; background_enable_image=&#8220;on&#8220; custom_padding=&#8220;300px||||false|false&#8220; hover_enabled=&#8220;0&#8243; header_font_size_tablet=&#8220;3rem&#8220; header_font_size_phone=&#8220;2rem&#8220; header_font_size_last_edited=&#8220;on|phone&#8220; global_colors_info=&#8220;{}&#8220; sticky_transition=&#8220;on&#8220; theme_builder_area=&#8220;post_content&#8220; title_text=&#8220;Eb &#038; Vloed Renesse &#8211; 28&#8243; sticky_enabled=&#8220;0&#8243;][\/et_pb_slide][et_pb_slide heading=&#8220;<\/p>\n<h1>foodcourt 42<\/h1>\n<p>&#8220; _builder_version=&#8220;4.27.6&#8243; _module_preset=&#8220;default&#8220; header_level=&#8220;h1&#8243; header_font=&#8220;Alwyn New Rounded||||||||&#8220; header_text_align=&#8220;left&#8220; header_font_size=&#8220;4rem&#8220; background_enable_color=&#8220;off&#8220; background_image=&#8220;https:\/\/www.ebenvloedrenesse.nl\/wp-content\/uploads\/2026\/04\/Eb-Vloed-Renesse-29.jpg&#8220; background_enable_image=&#8220;on&#8220; custom_padding=&#8220;300px||||false|false&#8220; hover_enabled=&#8220;0&#8243; header_font_size_tablet=&#8220;3rem&#8220; header_font_size_phone=&#8220;2rem&#8220; header_font_size_last_edited=&#8220;on|phone&#8220; global_colors_info=&#8220;{}&#8220; sticky_transition=&#8220;on&#8220; theme_builder_area=&#8220;post_content&#8220; title_text=&#8220;Eb &#038; Vloed Renesse &#8211; 29&#8243; sticky_enabled=&#8220;0&#8243;][\/et_pb_slide][et_pb_slide heading=&#8220;<\/p>\n<h1>foodcourt 42<\/h1>\n<p>&#8220; _builder_version=&#8220;4.27.6&#8243; _module_preset=&#8220;default&#8220; header_level=&#8220;h1&#8243; header_font=&#8220;Alwyn New Rounded||||||||&#8220; header_text_align=&#8220;left&#8220; header_font_size=&#8220;4rem&#8220; background_enable_color=&#8220;off&#8220; background_image=&#8220;https:\/\/www.ebenvloedrenesse.nl\/wp-content\/uploads\/2026\/04\/Eb-Vloed-Renesse-30.jpg&#8220; background_enable_image=&#8220;on&#8220; custom_padding=&#8220;300px||||false|false&#8220; hover_enabled=&#8220;0&#8243; header_font_size_tablet=&#8220;3rem&#8220; header_font_size_phone=&#8220;2rem&#8220; header_font_size_last_edited=&#8220;on|phone&#8220; global_colors_info=&#8220;{}&#8220; sticky_transition=&#8220;on&#8220; theme_builder_area=&#8220;post_content&#8220; title_text=&#8220;Eb &#038; Vloed Renesse &#8211; 30&#8243; sticky_enabled=&#8220;0&#8243;][\/et_pb_slide][et_pb_slide heading=&#8220;<\/p>\n<h1>foodcourt 42<\/h1>\n<p>&#8220; _builder_version=&#8220;4.27.6&#8243; _module_preset=&#8220;default&#8220; header_level=&#8220;h1&#8243; header_font=&#8220;Alwyn New Rounded||||||||&#8220; header_text_align=&#8220;left&#8220; header_font_size=&#8220;4rem&#8220; background_enable_color=&#8220;off&#8220; background_image=&#8220;https:\/\/www.ebenvloedrenesse.nl\/wp-content\/uploads\/2026\/04\/Eb-Vloed-Renesse-31.jpg&#8220; background_enable_image=&#8220;on&#8220; custom_padding=&#8220;300px||||false|false&#8220; hover_enabled=&#8220;0&#8243; header_font_size_tablet=&#8220;3rem&#8220; header_font_size_phone=&#8220;2rem&#8220; header_font_size_last_edited=&#8220;on|phone&#8220; global_colors_info=&#8220;{}&#8220; sticky_transition=&#8220;on&#8220; theme_builder_area=&#8220;post_content&#8220; title_text=&#8220;Eb &#038; Vloed Renesse &#8211; 31&#8243; sticky_enabled=&#8220;0&#8243;][\/et_pb_slide][\/et_pb_fullwidth_slider][\/et_pb_section][et_pb_section fb_built=&#8220;1&#8243; _builder_version=&#8220;4.16&#8243; background_enable_color=&#8220;off&#8220; background_enable_image=&#8220;off&#8220; custom_padding=&#8220;10px||10px||false|false&#8220; global_colors_info=&#8220;{}&#8220;][et_pb_row column_structure=&#8220;3_5,2_5&#8243; _builder_version=&#8220;4.16&#8243; custom_padding=&#8220;65px||||false|false&#8220; global_colors_info=&#8220;{}&#8220; width__hover_enabled=&#8220;off|desktop&#8220;][et_pb_column type=&#8220;3_5&#8243; _builder_version=&#8220;4.16&#8243; global_colors_info=&#8220;{}&#8220;][et_pb_text _builder_version=&#8220;4.18.0&#8243; animation_direction=&#8220;left&#8220; global_colors_info=&#8220;{}&#8220;]<\/p>\n<h2>Was gibt es heute zu essen?<\/h2>\n<p>Manchmal hat man einfach keine Lust, selbst zu kochen. Besuchen Sie unseren Foodcourt 42 f\u00fcr eine leckere Mahlzeit. Bei der einladende Pr\u00e4sentation des kulinarischen Angebotes \u00fcber der Theke l\u00e4uft einem das Wasser im Mund zusammen.<\/p>\n<p>Das Selfservicekonzept ist ganz einfach: Sie bestellen und bezahlen auf dem Bildschirm und k\u00f6nnen mitverfolgen, wann Ihre Bestellung unterwegs ist. Anschlie\u00dfend k\u00f6nnen Sie Ihre Mahlzeit vor Ort genie\u00dfen oder mitnehmen. So macht Essen Spa\u00df![\/et_pb_text][\/et_pb_column][et_pb_column type=&#8220;2_5&#8243; _builder_version=&#8220;4.16&#8243; global_colors_info=&#8220;{}&#8220;][et_pb_button button_url=&#8220;https:\/\/www.ebenvloedrenesse.nl\/wp-content\/uploads\/2026\/04\/FC42-menukaart-2026.pdf&#8220; url_new_window=&#8220;on&#8220; button_text=&#8220;Ansicht-Men\u00fc&#8220; button_alignment=&#8220;right&#8220; _builder_version=&#8220;4.27.6&#8243; _module_preset=&#8220;default&#8220; hover_enabled=&#8220;0&#8243; global_colors_info=&#8220;{}&#8220; sticky_enabled=&#8220;0&#8243;][\/et_pb_button][\/et_pb_column][\/et_pb_row][\/et_pb_section][et_pb_section fb_built=&#8220;1&#8243; _builder_version=&#8220;4.16&#8243; background_color=&#8220;#009cb4&#8243; border_width_bottom=&#8220;10px&#8220; border_color_bottom=&#8220;#00788b&#8220; global_colors_info=&#8220;{}&#8220;][et_pb_row column_structure=&#8220;3_5,2_5&#8243; _builder_version=&#8220;4.18.0&#8243; global_colors_info=&#8220;{}&#8220;][et_pb_column type=&#8220;3_5&#8243; _builder_version=&#8220;4.16&#8243; global_colors_info=&#8220;{}&#8220;][et_pb_text _builder_version=&#8220;4.27.6&#8243; custom_padding=&#8220;||0px|||&#8220; animation_direction=&#8220;left&#8220; hover_enabled=&#8220;0&#8243; global_colors_info=&#8220;{}&#8220; sticky_enabled=&#8220;0&#8243;]<\/p>\n<h2>Snacks und Pizza<\/h2>\n<p><\/p>\n<p>Ein warmer Snack oder eine duftende Pizza vom Foodcourt ist lecker, einfach und schnell. Mit Pommes, Hamburger, Snacks und zwanzig verschiedenen Pizzen hat es f\u00fcr jeden das Richtige dabei. Sowohl die Snacks, als auch die Pizzen k\u00f6nnen auch glutenfrei bestellt werden. Wir bereiten diese separat f\u00fcr Sie zu. Alle unsere Saucen sind sowieso glutenfrei. Die Pizzen werden mit einem ganz frischen Boden zubereitet. Gro\u00dfer Hunger, kleiner Hunger? Sie k\u00f6nnen die Pizzen in zwei verschiedenen Gr\u00f6\u00dfen bestellen: die normale Pizza mit 32cm und die Kinderpizza mit 20cm Durchmesser.<\/p>\n<p><\/p>\n<h2>Belegte Br\u00f6tchen<\/h2>\n<p><\/p>\n<p>Der Foodcourt 42 ist nicht nur f\u00fcr einen Snack oder eine Pizza da \u2013 zus\u00e4tzlich stehen auch leckere belegte Br\u00f6tchen auf der Speisekarte. Perfekt als Mittagessen oder f\u00fcr zwischendurch.<\/p>\n<p><\/p>\n<h2>Verse vis<\/h2>\n<p><\/p>\n<p style=\"font-weight: 400;\">Lust auf knusprigen Kibbeling, goldbraun gebacken und innen herrlich zart? Oder entscheidest du dich f\u00fcr einen klassischen Backfisch, frisch aus der Fritteuse und perfekt gew\u00fcrzt? Auch unsere gebratenen Muscheln sind sehr zu empfehlen: Voller Geschmack und genau so, wie man sie sich w\u00fcnscht.<\/p>\n<p><\/p>\n<p><span style=\"font-weight: 400;\">Ob du dir schnell etwas holst oder in Ruhe genie\u00dfen m\u00f6chtest \u2013 Im Foodcourt42 schmeckst du die Qualit\u00e4t von frischem Fisch in jedem Bissen. Und es gibt immer mehr zu entdecken, denn unser Angebot wird st\u00e4ndig erneuert.<\/span><\/p>\n<p><\/p>\n<h2>F\u00fcr gro\u00dfe und kleine Schleckm\u00e4uler<\/h2>\n<p><\/p>\n<p>An warmen Tagen holst du dir nat\u00fcrlich ein erfrischendes Eis am Foodcourt. Wir haben allerlei verschiedene Eissorten zur Auswahl. Au\u00dferdem bieten wir neu verpacktes Eis an. Wenn du m\u00f6chtest, kannst du dein eigenes Jizzle-Softice ganz nach deinem Geschmack zusammenstellen. Mit Fr\u00fcchten, N\u00fcssen, Dips und So\u00dfen machst du es komplett nach deinem Belieben. Nat\u00fcrlich gibt es unsere Eissorten auch in einer glutenfreien Variante.<\/p>\n<p><\/p>\n<h2>Zufriedene Kinder, zufriedene Eltern<\/h2>\n<p><\/p>\n<p>Seid Ihr gerade auf dem Campingplatz angekommen oder aus dem Schwimmbad gestiegen? Lasst Euch dann f\u00fcr eine gem\u00fctliche Tasse Kaffee mit einem leckeren Kuchen bei uns nieder. Die Kinder k\u00f6nnen sich unterdessen beim Indoorspielplatz Atlantica austoben. Von den Allerkleinsten bis zu den gr\u00f6\u00dferen Kindern; hier gibt es f\u00fcr alle Kinder ganz viel Spiel und Spa\u00df. F\u00fcr Kinder gibt es beim Foodcourt 42, gleich wie bei Eb &amp; Vloed, ein Sparsystem mit Kindermen\u00fc-M\u00fcnzen. Mit den gesparten M\u00fcnzen k\u00f6nnen die Kinder in der Juultje Vitrine ein lustiges Geschenk ausw\u00e4hlen.<\/p>\n<p>[\/et_pb_text][\/et_pb_column][et_pb_column type=&#8220;2_5&#8243; _builder_version=&#8220;4.16&#8243; global_colors_info=&#8220;{}&#8220;][et_pb_image src=&#8220;https:\/\/ebenvloedrenesse.nl\/wp-content\/uploads\/2020\/03\/overlay-eb-en-vloed-bottom-right-blue.png&#8220; title_text=&#8220;Julianahoeve&#8220; force_fullwidth=&#8220;on&#8220; _builder_version=&#8220;4.16&#8243; background_image=&#8220;https:\/\/www.ebenvloedrenesse.nl\/wp-content\/uploads\/2020\/04\/Julianahoeve-deel-twee-93.jpg&#8220; global_colors_info=&#8220;{}&#8220;][\/et_pb_image][\/et_pb_column][\/et_pb_row][\/et_pb_section][et_pb_section fb_built=&#8220;1&#8243; _builder_version=&#8220;4.16&#8243; custom_padding=&#8220;0px||0px||false|false&#8220; global_colors_info=&#8220;{}&#8220;][et_pb_row use_custom_gutter=&#8220;on&#8220; gutter_width=&#8220;1&#8243; _builder_version=&#8220;4.16&#8243; width=&#8220;100%&#8220; max_width=&#8220;2000px&#8220; custom_padding=&#8220;0px||0px||false|false&#8220; global_colors_info=&#8220;{}&#8220;][et_pb_column type=&#8220;4_4&#8243; _builder_version=&#8220;4.16&#8243; global_colors_info=&#8220;{}&#8220;][et_pb_gallery gallery_ids=&#8220;938,940,942,944&#8243; posts_number=&#8220;8&#8243; show_title_and_caption=&#8220;off&#8220; show_pagination=&#8220;off&#8220; zoom_icon_color=&#8220;rgba(0,0,0,0)&#8220; hover_overlay_color=&#8220;rgba(0,0,0,0)&#8220; _builder_version=&#8220;4.4.4&#8243; background_color=&#8220;#333&#8243; child_filter_saturate=&#8220;50%&#8220; border_width_all=&#8220;1px&#8220; child_filter_blur__hover_enabled=&#8220;off|desktop&#8220; child_filter_blur__hover=&#8220;0px&#8220; child_filter_saturate__hover_enabled=&#8220;on|hover&#8220; child_filter_saturate__hover=&#8220;100%&#8220;][\/et_pb_gallery][\/et_pb_column][\/et_pb_row][\/et_pb_section]<\/p>\n","protected":false},"excerpt":{"rendered":"<p>Was gibt es heute zu essen?Manchmal hat man einfach keine Lust, selbst zu kochen. Besuchen Sie unseren Foodcourt 42 f\u00fcr eine leckere Mahlzeit. Bei der einladende Pr\u00e4sentation des kulinarischen Angebotes \u00fcber der Theke l\u00e4uft einem das Wasser im Mund zusammen.Das Selfservicekonzept ist ganz einfach: Sie bestellen und bezahlen auf dem Bildschirm und k\u00f6nnen mitverfolgen, wann [&hellip;]<\/p>\n","protected":false},"author":1,"featured_media":938,"parent":0,"menu_order":0,"comment_status":"closed","ping_status":"closed","template":"","meta":{"_et_pb_use_builder":"on","_et_pb_old_content":"","_et_gb_content_width":"","footnotes":""},"class_list":["post-1158","page","type-page","status-publish","has-post-thumbnail","hentry"],"yoast_head":"<!-- This site is optimized with the Yoast SEO plugin v27.4 - https:\/\/yoast.com\/product\/yoast-seo-wordpress\/ -->\n<title>Brasserie eb &amp; vloed in Renesse | foodcourt 42<\/title>\n<meta name=\"robots\" content=\"index, follow, max-snippet:-1, max-image-preview:large, max-video-preview:-1\" \/>\n<link rel=\"canonical\" href=\"https:\/\/www.ebenvloedrenesse.nl\/de\/foodcourt-42\/\" \/>\n<meta property=\"og:locale\" content=\"de_DE\" \/>\n<meta property=\"og:type\" content=\"article\" \/>\n<meta property=\"og:title\" content=\"Brasserie eb &amp; vloed in Renesse | foodcourt 42\" \/>\n<meta property=\"og:description\" content=\"Was gibt es heute zu essen?Manchmal hat man einfach keine Lust, selbst zu kochen. Besuchen Sie unseren Foodcourt 42 f\u00fcr eine leckere Mahlzeit. Bei der einladende Pr\u00e4sentation des kulinarischen Angebotes \u00fcber der Theke l\u00e4uft einem das Wasser im Mund zusammen.Das Selfservicekonzept ist ganz einfach: Sie bestellen und bezahlen auf dem Bildschirm und k\u00f6nnen mitverfolgen, wann [&hellip;]\" \/>\n<meta property=\"og:url\" content=\"https:\/\/www.ebenvloedrenesse.nl\/de\/foodcourt-42\/\" \/>\n<meta property=\"og:site_name\" content=\"eb &amp; vloed Renesse\" \/>\n<meta property=\"article:publisher\" content=\"https:\/\/www.facebook.com\/ebvloedrenesse\/\" \/>\n<meta property=\"article:modified_time\" content=\"2026-04-14T07:49:20+00:00\" \/>\n<meta property=\"og:image\" content=\"https:\/\/www.ebenvloedrenesse.nl\/wp-content\/uploads\/2020\/04\/Julianahoeve-deel-twee-75.jpg\" \/>\n\t<meta property=\"og:image:width\" content=\"1920\" \/>\n\t<meta property=\"og:image:height\" content=\"1282\" \/>\n\t<meta property=\"og:image:type\" content=\"image\/jpeg\" \/>\n<meta name=\"twitter:card\" content=\"summary_large_image\" \/>\n<meta name=\"twitter:label1\" content=\"Gesch\u00e4tzte Lesezeit\" \/>\n\t<meta name=\"twitter:data1\" content=\"8\u00a0Minuten\" \/>\n<script type=\"application\/ld+json\" class=\"yoast-schema-graph\">{\"@context\":\"https:\\\/\\\/schema.org\",\"@graph\":[{\"@type\":\"WebPage\",\"@id\":\"https:\\\/\\\/www.ebenvloedrenesse.nl\\\/de\\\/foodcourt-42\\\/\",\"url\":\"https:\\\/\\\/www.ebenvloedrenesse.nl\\\/de\\\/foodcourt-42\\\/\",\"name\":\"Brasserie eb & vloed in Renesse | foodcourt 42\",\"isPartOf\":{\"@id\":\"https:\\\/\\\/www.ebenvloedrenesse.nl\\\/de\\\/#website\"},\"primaryImageOfPage\":{\"@id\":\"https:\\\/\\\/www.ebenvloedrenesse.nl\\\/de\\\/foodcourt-42\\\/#primaryimage\"},\"image\":{\"@id\":\"https:\\\/\\\/www.ebenvloedrenesse.nl\\\/de\\\/foodcourt-42\\\/#primaryimage\"},\"thumbnailUrl\":\"https:\\\/\\\/www.ebenvloedrenesse.nl\\\/wp-content\\\/uploads\\\/2020\\\/04\\\/Julianahoeve-deel-twee-75.jpg\",\"datePublished\":\"2020-03-10T08:10:35+00:00\",\"dateModified\":\"2026-04-14T07:49:20+00:00\",\"breadcrumb\":{\"@id\":\"https:\\\/\\\/www.ebenvloedrenesse.nl\\\/de\\\/foodcourt-42\\\/#breadcrumb\"},\"inLanguage\":\"de\",\"potentialAction\":[{\"@type\":\"ReadAction\",\"target\":[\"https:\\\/\\\/www.ebenvloedrenesse.nl\\\/de\\\/foodcourt-42\\\/\"]}]},{\"@type\":\"ImageObject\",\"inLanguage\":\"de\",\"@id\":\"https:\\\/\\\/www.ebenvloedrenesse.nl\\\/de\\\/foodcourt-42\\\/#primaryimage\",\"url\":\"https:\\\/\\\/www.ebenvloedrenesse.nl\\\/wp-content\\\/uploads\\\/2020\\\/04\\\/Julianahoeve-deel-twee-75.jpg\",\"contentUrl\":\"https:\\\/\\\/www.ebenvloedrenesse.nl\\\/wp-content\\\/uploads\\\/2020\\\/04\\\/Julianahoeve-deel-twee-75.jpg\",\"width\":1920,\"height\":1282},{\"@type\":\"BreadcrumbList\",\"@id\":\"https:\\\/\\\/www.ebenvloedrenesse.nl\\\/de\\\/foodcourt-42\\\/#breadcrumb\",\"itemListElement\":[{\"@type\":\"ListItem\",\"position\":1,\"name\":\"Home\",\"item\":\"https:\\\/\\\/www.ebenvloedrenesse.nl\\\/de\\\/\"},{\"@type\":\"ListItem\",\"position\":2,\"name\":\"foodcourt 42\"}]},{\"@type\":\"WebSite\",\"@id\":\"https:\\\/\\\/www.ebenvloedrenesse.nl\\\/de\\\/#website\",\"url\":\"https:\\\/\\\/www.ebenvloedrenesse.nl\\\/de\\\/\",\"name\":\"eb &amp; vloed Renesse\",\"description\":\"food | drinks | lounge\",\"publisher\":{\"@id\":\"https:\\\/\\\/www.ebenvloedrenesse.nl\\\/de\\\/#organization\"},\"potentialAction\":[{\"@type\":\"SearchAction\",\"target\":{\"@type\":\"EntryPoint\",\"urlTemplate\":\"https:\\\/\\\/www.ebenvloedrenesse.nl\\\/de\\\/?s={search_term_string}\"},\"query-input\":{\"@type\":\"PropertyValueSpecification\",\"valueRequired\":true,\"valueName\":\"search_term_string\"}}],\"inLanguage\":\"de\"},{\"@type\":\"Organization\",\"@id\":\"https:\\\/\\\/www.ebenvloedrenesse.nl\\\/de\\\/#organization\",\"name\":\"Eb & Vloed\",\"url\":\"https:\\\/\\\/www.ebenvloedrenesse.nl\\\/de\\\/\",\"logo\":{\"@type\":\"ImageObject\",\"inLanguage\":\"de\",\"@id\":\"https:\\\/\\\/www.ebenvloedrenesse.nl\\\/de\\\/#\\\/schema\\\/logo\\\/image\\\/\",\"url\":\"https:\\\/\\\/www.ebenvloedrenesse.nl\\\/wp-content\\\/uploads\\\/2020\\\/02\\\/logo-EbVloed-2020.png\",\"contentUrl\":\"https:\\\/\\\/www.ebenvloedrenesse.nl\\\/wp-content\\\/uploads\\\/2020\\\/02\\\/logo-EbVloed-2020.png\",\"width\":1800,\"height\":700,\"caption\":\"Eb & Vloed\"},\"image\":{\"@id\":\"https:\\\/\\\/www.ebenvloedrenesse.nl\\\/de\\\/#\\\/schema\\\/logo\\\/image\\\/\"},\"sameAs\":[\"https:\\\/\\\/www.facebook.com\\\/ebvloedrenesse\\\/\",\"https:\\\/\\\/www.instagram.com\\\/ebvloedrenesse\\\/\"]}]}<\/script>\n<!-- \/ Yoast SEO plugin. -->","yoast_head_json":{"title":"Brasserie eb & vloed in Renesse | foodcourt 42","robots":{"index":"index","follow":"follow","max-snippet":"max-snippet:-1","max-image-preview":"max-image-preview:large","max-video-preview":"max-video-preview:-1"},"canonical":"https:\/\/www.ebenvloedrenesse.nl\/de\/foodcourt-42\/","og_locale":"de_DE","og_type":"article","og_title":"Brasserie eb & vloed in Renesse | foodcourt 42","og_description":"Was gibt es heute zu essen?Manchmal hat man einfach keine Lust, selbst zu kochen. Besuchen Sie unseren Foodcourt 42 f\u00fcr eine leckere Mahlzeit. Bei der einladende Pr\u00e4sentation des kulinarischen Angebotes \u00fcber der Theke l\u00e4uft einem das Wasser im Mund zusammen.Das Selfservicekonzept ist ganz einfach: Sie bestellen und bezahlen auf dem Bildschirm und k\u00f6nnen mitverfolgen, wann [&hellip;]","og_url":"https:\/\/www.ebenvloedrenesse.nl\/de\/foodcourt-42\/","og_site_name":"eb &amp; vloed Renesse","article_publisher":"https:\/\/www.facebook.com\/ebvloedrenesse\/","article_modified_time":"2026-04-14T07:49:20+00:00","og_image":[{"width":1920,"height":1282,"url":"https:\/\/www.ebenvloedrenesse.nl\/wp-content\/uploads\/2020\/04\/Julianahoeve-deel-twee-75.jpg","type":"image\/jpeg"}],"twitter_card":"summary_large_image","twitter_misc":{"Gesch\u00e4tzte Lesezeit":"8\u00a0Minuten"},"schema":{"@context":"https:\/\/schema.org","@graph":[{"@type":"WebPage","@id":"https:\/\/www.ebenvloedrenesse.nl\/de\/foodcourt-42\/","url":"https:\/\/www.ebenvloedrenesse.nl\/de\/foodcourt-42\/","name":"Brasserie eb & vloed in Renesse | foodcourt 42","isPartOf":{"@id":"https:\/\/www.ebenvloedrenesse.nl\/de\/#website"},"primaryImageOfPage":{"@id":"https:\/\/www.ebenvloedrenesse.nl\/de\/foodcourt-42\/#primaryimage"},"image":{"@id":"https:\/\/www.ebenvloedrenesse.nl\/de\/foodcourt-42\/#primaryimage"},"thumbnailUrl":"https:\/\/www.ebenvloedrenesse.nl\/wp-content\/uploads\/2020\/04\/Julianahoeve-deel-twee-75.jpg","datePublished":"2020-03-10T08:10:35+00:00","dateModified":"2026-04-14T07:49:20+00:00","breadcrumb":{"@id":"https:\/\/www.ebenvloedrenesse.nl\/de\/foodcourt-42\/#breadcrumb"},"inLanguage":"de","potentialAction":[{"@type":"ReadAction","target":["https:\/\/www.ebenvloedrenesse.nl\/de\/foodcourt-42\/"]}]},{"@type":"ImageObject","inLanguage":"de","@id":"https:\/\/www.ebenvloedrenesse.nl\/de\/foodcourt-42\/#primaryimage","url":"https:\/\/www.ebenvloedrenesse.nl\/wp-content\/uploads\/2020\/04\/Julianahoeve-deel-twee-75.jpg","contentUrl":"https:\/\/www.ebenvloedrenesse.nl\/wp-content\/uploads\/2020\/04\/Julianahoeve-deel-twee-75.jpg","width":1920,"height":1282},{"@type":"BreadcrumbList","@id":"https:\/\/www.ebenvloedrenesse.nl\/de\/foodcourt-42\/#breadcrumb","itemListElement":[{"@type":"ListItem","position":1,"name":"Home","item":"https:\/\/www.ebenvloedrenesse.nl\/de\/"},{"@type":"ListItem","position":2,"name":"foodcourt 42"}]},{"@type":"WebSite","@id":"https:\/\/www.ebenvloedrenesse.nl\/de\/#website","url":"https:\/\/www.ebenvloedrenesse.nl\/de\/","name":"eb &amp; vloed Renesse","description":"food | drinks | lounge","publisher":{"@id":"https:\/\/www.ebenvloedrenesse.nl\/de\/#organization"},"potentialAction":[{"@type":"SearchAction","target":{"@type":"EntryPoint","urlTemplate":"https:\/\/www.ebenvloedrenesse.nl\/de\/?s={search_term_string}"},"query-input":{"@type":"PropertyValueSpecification","valueRequired":true,"valueName":"search_term_string"}}],"inLanguage":"de"},{"@type":"Organization","@id":"https:\/\/www.ebenvloedrenesse.nl\/de\/#organization","name":"Eb & Vloed","url":"https:\/\/www.ebenvloedrenesse.nl\/de\/","logo":{"@type":"ImageObject","inLanguage":"de","@id":"https:\/\/www.ebenvloedrenesse.nl\/de\/#\/schema\/logo\/image\/","url":"https:\/\/www.ebenvloedrenesse.nl\/wp-content\/uploads\/2020\/02\/logo-EbVloed-2020.png","contentUrl":"https:\/\/www.ebenvloedrenesse.nl\/wp-content\/uploads\/2020\/02\/logo-EbVloed-2020.png","width":1800,"height":700,"caption":"Eb & Vloed"},"image":{"@id":"https:\/\/www.ebenvloedrenesse.nl\/de\/#\/schema\/logo\/image\/"},"sameAs":["https:\/\/www.facebook.com\/ebvloedrenesse\/","https:\/\/www.instagram.com\/ebvloedrenesse\/"]}]}},"_links":{"self":[{"href":"https:\/\/www.ebenvloedrenesse.nl\/de\/wp-json\/wp\/v2\/pages\/1158","targetHints":{"allow":["GET"]}}],"collection":[{"href":"https:\/\/www.ebenvloedrenesse.nl\/de\/wp-json\/wp\/v2\/pages"}],"about":[{"href":"https:\/\/www.ebenvloedrenesse.nl\/de\/wp-json\/wp\/v2\/types\/page"}],"author":[{"embeddable":true,"href":"https:\/\/www.ebenvloedrenesse.nl\/de\/wp-json\/wp\/v2\/users\/1"}],"replies":[{"embeddable":true,"href":"https:\/\/www.ebenvloedrenesse.nl\/de\/wp-json\/wp\/v2\/comments?post=1158"}],"version-history":[{"count":13,"href":"https:\/\/www.ebenvloedrenesse.nl\/de\/wp-json\/wp\/v2\/pages\/1158\/revisions"}],"predecessor-version":[{"id":3072,"href":"https:\/\/www.ebenvloedrenesse.nl\/de\/wp-json\/wp\/v2\/pages\/1158\/revisions\/3072"}],"wp:featuredmedia":[{"embeddable":true,"href":"https:\/\/www.ebenvloedrenesse.nl\/de\/wp-json\/wp\/v2\/media\/938"}],"wp:attachment":[{"href":"https:\/\/www.ebenvloedrenesse.nl\/de\/wp-json\/wp\/v2\/media?parent=1158"}],"curies":[{"name":"wp","href":"https:\/\/api.w.org\/{rel}","templated":true}]}}